{"id":470,"date":"2024-09-06T15:11:40","date_gmt":"2024-09-06T15:11:40","guid":{"rendered":"https:\/\/gsg-haustechnik.de\/wp\/?page_id=470"},"modified":"2025-06-04T10:18:38","modified_gmt":"2025-06-04T10:18:38","slug":"heizung","status":"publish","type":"page","link":"https:\/\/gsg-haustechnik.de\/wp\/?page_id=470","title":{"rendered":"HEIZUNG"},"content":{"rendered":"\t\t<div data-elementor-type=\"wp-page\" data-elementor-id=\"470\" class=\"elementor elementor-470\" data-elementor-post-type=\"page\">\n\t\t\t\t<div class=\"elementor-element elementor-element-c6aab62 e-flex e-con-boxed e-con e-parent\" data-id=\"c6aab62\" data-element_type=\"container\" data-settings=\"{&quot;background_background&quot;:&quot;slideshow&quot;,&quot;background_slideshow_gallery&quot;:[{&quot;id&quot;:1279,&quot;url&quot;:&quot;https:\\\/\\\/gsg-haustechnik.de\\\/wp\\\/wp-content\\\/uploads\\\/2024\\\/10\\\/Header_HEIZUNG_1280x200-1.jpg&quot;}],&quot;background_slideshow_loop&quot;:&quot;yes&quot;,&quot;background_slideshow_slide_duration&quot;:5000,&quot;background_slideshow_slide_transition&quot;:&quot;fade&quot;,&quot;background_slideshow_transition_duration&quot;:500}\">\n\t\t\t\t\t<div class=\"e-con-inner\">\n\t\t\t\t<div class=\"elementor-element elementor-element-1f805c9 elementor-widget elementor-widget-heading\" data-id=\"1f805c9\" data-element_type=\"widget\" data-widget_type=\"heading.default\">\n\t\t\t\t<div class=\"elementor-widget-container\">\n\t\t\t\t\t<h2 class=\"elementor-heading-title elementor-size-default\">HEIZUNG<\/h2>\t\t\t\t<\/div>\n\t\t\t\t<\/div>\n\t\t\t\t\t<\/div>\n\t\t\t\t<\/div>\n\t\t<div class=\"elementor-element elementor-element-a5cc248 e-flex e-con-boxed e-con e-parent\" data-id=\"a5cc248\" data-element_type=\"container\">\n\t\t\t\t\t<div class=\"e-con-inner\">\n\t\t<div class=\"elementor-element elementor-element-929e65c e-grid e-con-full e-con e-child\" data-id=\"929e65c\" data-element_type=\"container\">\n\t\t\t\t<div class=\"elementor-element elementor-element-3695144 elementor-tabs-view-vertical elementor-widget__width-initial elementor-widget elementor-widget-tabs\" data-id=\"3695144\" data-element_type=\"widget\" data-widget_type=\"tabs.default\">\n\t\t\t\t<div class=\"elementor-widget-container\">\n\t\t\t\t\t\t\t<div class=\"elementor-tabs\">\n\t\t\t<div class=\"elementor-tabs-wrapper\" role=\"tablist\" >\n\t\t\t\t\t\t\t\t\t<div id=\"elementor-tab-title-5721\" class=\"elementor-tab-title elementor-tab-desktop-title\" aria-selected=\"true\" data-tab=\"1\" role=\"tab\" tabindex=\"0\" aria-controls=\"elementor-tab-content-5721\" aria-expanded=\"false\">Allgemeines<\/div>\n\t\t\t\t\t\t\t\t\t<div id=\"elementor-tab-title-5722\" class=\"elementor-tab-title elementor-tab-desktop-title\" aria-selected=\"false\" data-tab=\"2\" role=\"tab\" tabindex=\"-1\" aria-controls=\"elementor-tab-content-5722\" aria-expanded=\"false\">W\u00e4rmepumpen<\/div>\n\t\t\t\t\t\t\t\t\t<div id=\"elementor-tab-title-5723\" class=\"elementor-tab-title elementor-tab-desktop-title\" aria-selected=\"false\" data-tab=\"3\" role=\"tab\" tabindex=\"-1\" aria-controls=\"elementor-tab-content-5723\" aria-expanded=\"false\">\u00d6L-Heizung<\/div>\n\t\t\t\t\t\t\t\t\t<div id=\"elementor-tab-title-5724\" class=\"elementor-tab-title elementor-tab-desktop-title\" aria-selected=\"false\" data-tab=\"4\" role=\"tab\" tabindex=\"-1\" aria-controls=\"elementor-tab-content-5724\" aria-expanded=\"false\">Gas-Heizung<\/div>\n\t\t\t\t\t\t\t\t\t<div id=\"elementor-tab-title-5725\" class=\"elementor-tab-title elementor-tab-desktop-title\" aria-selected=\"false\" data-tab=\"5\" role=\"tab\" tabindex=\"-1\" aria-controls=\"elementor-tab-content-5725\" aria-expanded=\"false\">SOLAR-Technik<\/div>\n\t\t\t\t\t\t\t\t\t<div id=\"elementor-tab-title-5726\" class=\"elementor-tab-title elementor-tab-desktop-title\" aria-selected=\"false\" data-tab=\"6\" role=\"tab\" tabindex=\"-1\" aria-controls=\"elementor-tab-content-5726\" aria-expanded=\"false\">HOLZ-Heizung<\/div>\n\t\t\t\t\t\t\t\t\t<div id=\"elementor-tab-title-5727\" class=\"elementor-tab-title elementor-tab-desktop-title\" aria-selected=\"false\" data-tab=\"7\" role=\"tab\" tabindex=\"-1\" aria-controls=\"elementor-tab-content-5727\" aria-expanded=\"false\">BRENNSTOFF-Zelle<\/div>\n\t\t\t\t\t\t\t<\/div>\n\t\t\t<div class=\"elementor-tabs-content-wrapper\" role=\"tablist\" aria-orientation=\"vertical\">\n\t\t\t\t\t\t\t\t\t<div class=\"elementor-tab-title elementor-tab-mobile-title\" aria-selected=\"true\" data-tab=\"1\" role=\"tab\" tabindex=\"0\" aria-controls=\"elementor-tab-content-5721\" aria-expanded=\"false\">Allgemeines<\/div>\n\t\t\t\t\t<div id=\"elementor-tab-content-5721\" class=\"elementor-tab-content elementor-clearfix\" data-tab=\"1\" role=\"tabpanel\" aria-labelledby=\"elementor-tab-title-5721\" tabindex=\"0\" hidden=\"false\"><p><span style=\"font-size: medium; color: #808080;\">Zeitgem\u00e4\u00dfe Planung, Beratung und Realisierung von modernen Heizanlagen<\/span><\/p><p><span style=\"font-size: x-large; color: #808080;\"><b>HEIZUNG mit Wohlf\u00fchl-Effekt<\/b><\/span><\/p><p><span style=\"font-size: medium; color: #808080;\">Moderne Heizungsanlagen mit modernsten zeitgem\u00e4\u00dfen Techniken wie beispielsweise W\u00e4rmepumpen geh\u00f6ren ebenso wie Solaranlagen zum umfangreichen Leistungsspektrum unseres Unternehmens. Die Nutzung von umweltschonenden und klimafreundlichen W\u00e4rmeerzeugern zur Nutzung als Raumw\u00e4rme als auch zur Warmwasserbereitung ist unser Metier auf dem wir Sie im Vorfeld kompetent beraten und Ihnen ein auf Ihre Bed\u00fcrfnisse abgestimmtes W\u00e4rmekonzept erstellen.<\/span><\/p><p><span style=\"font-size: medium; color: #808080;\">Mittels unserem Know-How und der langj\u00e4hrigen Zusammenarbeit mit den gr\u00f6\u00dften Heizungsherstellern unterst\u00fctzen wir Sie bei der Wahl Ihrer neuen Heizanlage.<\/span><\/p><p><span style=\"font-size: medium; color: #808080;\">Der Austausch einer Heizanlage ist bei optimaler Vorbereitung in der Regel innerhalb von 1-2 Tagen realisierbar. Hierf\u00fcr erstellen wir f\u00fcr unsere Kunden einen Umsetzungszeitplan, den wir auch garantiert einhalten.<\/span><\/p><p><span style=\"font-size: medium; color: #808080;\">Unsere Mitarbeiter sind erfahrene und bestens geschulte Fachleute und installieren die neue Heizanlage mit allen erforderlichen Komponenten schnell und zuverl\u00e4ssig.<br \/><\/span><br \/><b>Immer und f\u00fcr Sie da!<\/b><\/p><p><span style=\"font-size: medium; color: #808080;\">Neben Neubau und Sanierung bieten wir unseren en Kunden einen Komplett-Service zur Wartung und Instandhaltung der heizungstechnischen Anlagen. Nat\u00fcrlich \u00fcbernehmen wir auch Wartungsarbeiten f\u00fcr Ihre Bestandsanlage und beraten Sie gerne bei Optimierungsvorschl\u00e4gen zur effizienten Energieeinsparung.<\/span><\/p><\/div>\n\t\t\t\t\t\t\t\t\t<div class=\"elementor-tab-title elementor-tab-mobile-title\" aria-selected=\"false\" data-tab=\"2\" role=\"tab\" tabindex=\"-1\" aria-controls=\"elementor-tab-content-5722\" aria-expanded=\"false\">W\u00e4rmepumpen<\/div>\n\t\t\t\t\t<div id=\"elementor-tab-content-5722\" class=\"elementor-tab-content elementor-clearfix\" data-tab=\"2\" role=\"tabpanel\" aria-labelledby=\"elementor-tab-title-5722\" tabindex=\"0\" hidden=\"hidden\"><p><span style=\"color: #808080;\"><span style=\"font-size: x-large;\"><b>W\u00c4RME Pumpen<\/b><\/span><\/span><\/p><p><img fetchpriority=\"high\" decoding=\"async\" class=\"alignleft\" src=\"https:\/\/gsg-haustechnik.de\/wp\/wp-content\/uploads\/2024\/09\/Waermepumpe_1-1.jpg\" width=\"340\" height=\"178\" \/><\/p><p><span style=\"color: #808080; font-size: medium;\">W\u00e4rmepumpen sind derzeit die klimafreundlichste W\u00e4rmeerzeuger der Geb\u00e4ude beheizen und Trinkwasser zu erw\u00e4rmt. Hierbei unterscheidet man zwischen verschiedene Arten von W\u00e4rmepumpen.<\/span><\/p><p><span style=\"color: #808080; font-size: medium;\"> Der Unterschied liegt in der der W\u00e4rmequelle, die sie anzapfen. Die f\u00fcr Ein- und Zweifamilienh\u00e4user \u00fcblichen Arten von W\u00e4rmepumpen sind:<\/span><\/p><p><span style=\"font-size: medium; color: #808080;\">&#8211; Luft\/Wasser-W\u00e4rmepumpe: Nutzt die Energie aus der Umgebungsluft<\/span><\/p><p><span style=\"font-size: medium; color: #808080;\">&#8211; Sole\/Wasser-W\u00e4rmepumpe: Nutzt die Energie aus dem Erdreich<\/span><\/p><p><span style=\"font-size: medium; color: #808080;\">&#8211; Wasser\/Wasser-W\u00e4rmepumpe: Nutzt die Energie aus dem Grundwasser<\/span><\/p><\/div>\n\t\t\t\t\t\t\t\t\t<div class=\"elementor-tab-title elementor-tab-mobile-title\" aria-selected=\"false\" data-tab=\"3\" role=\"tab\" tabindex=\"-1\" aria-controls=\"elementor-tab-content-5723\" aria-expanded=\"false\">\u00d6L-Heizung<\/div>\n\t\t\t\t\t<div id=\"elementor-tab-content-5723\" class=\"elementor-tab-content elementor-clearfix\" data-tab=\"3\" role=\"tabpanel\" aria-labelledby=\"elementor-tab-title-5723\" tabindex=\"0\" hidden=\"hidden\"><p><span style=\"color: #808080;\"><span style=\"font-size: x-large;\"><b>\u00d6L Heizung in Kombination mit erneuerbaren Energien<\/b><\/span><br \/><br \/><span style=\"font-size: medium;\"><br \/>Brennwerttechnik ist die effizienteste M\u00f6glichkeit um mit \u00d6l zu heizen. Der Clou: W\u00e4hrend konventionelle Heizungen hei\u00dfes Abgas einfach zum Schornstein hinauspusten, wird es in einem modernen Brennwertger\u00e4t abgek\u00fchlt und die frei werdende W\u00e4rme zus\u00e4tzlich zum Heizen verwendet. So kann Heiz\u00f6l nahezu verlustfrei in W\u00e4rme umgewandelt werden.<\/span><\/span><br \/><br \/><br \/><span style=\"font-size: medium; color: #808080;\">\u00d6l-Brennwertger\u00e4t spart gegen\u00fcber einem veralteten \u00d6lkessel bis zu 30 Prozent Heiz\u00f6l und entlastet damit seinen eigenen Geldbeutel und das Klima. <\/span><br \/><span style=\"font-size: medium;\"><span style=\"color: #808080;\"><br \/><br \/>Wir warten und reparieren Bestandsanlegen zuverl\u00e4ssig, damit diese noch eine lange Lebensdauer haben und zuverl\u00e4ssig funktionieren.<\/span> <\/span><\/p><\/div>\n\t\t\t\t\t\t\t\t\t<div class=\"elementor-tab-title elementor-tab-mobile-title\" aria-selected=\"false\" data-tab=\"4\" role=\"tab\" tabindex=\"-1\" aria-controls=\"elementor-tab-content-5724\" aria-expanded=\"false\">Gas-Heizung<\/div>\n\t\t\t\t\t<div id=\"elementor-tab-content-5724\" class=\"elementor-tab-content elementor-clearfix\" data-tab=\"4\" role=\"tabpanel\" aria-labelledby=\"elementor-tab-title-5724\" tabindex=\"0\" hidden=\"hidden\"><p><span style=\"color: #808080;\"><span style=\"font-size: x-large;\"><b>GAS Heizung in Kombination mit erneuerbaren Energien<\/b><\/span><\/span><\/p><p><span style=\"font-size: medium;\"><span style=\"color: #808080;\"><br \/>Eine Gas-Brennwertheizung arbeitet deutlich effektiver als herk\u00f6mmliche Gasheizungen. Dennoch handelt es sich aufgrund der Nutzung fossiler Brennstoffe nur um \u00dcbergangs-l\u00f6sungen. Seit 2024 d\u00fcrfen Gas-Brennwertheizungen nur noch in Kombination mit Erneuerbaren Energien eingebaut werden.<\/span><\/span><\/p><p><span style=\"font-size: medium;\"><span style=\"color: #808080;\">Die Gasbrennwertheizung ist die am h\u00e4ufigsten eingebaute Heizung in Deutschland. Wird sie noch mit erneuerbaren Energien, wie eine W\u00e4rmepumpe oder Solarthermie erg\u00e4nzt, winken attraktive F\u00f6rderungen.<\/span><\/span><\/p><p><span style=\"font-size: medium;\"><span style=\"color: #808080;\">Damit Ihre Bestandsanlage noch eine lange Nutzungsdauer hat bieten wir die optimle Wartung und Betreuung, damit eine zuverl\u00e4ssige Funktion gew\u00e4hrleistet ist und Sie nicht im Kalten sitzen.<\/span> <\/span><\/p><\/div>\n\t\t\t\t\t\t\t\t\t<div class=\"elementor-tab-title elementor-tab-mobile-title\" aria-selected=\"false\" data-tab=\"5\" role=\"tab\" tabindex=\"-1\" aria-controls=\"elementor-tab-content-5725\" aria-expanded=\"false\">SOLAR-Technik<\/div>\n\t\t\t\t\t<div id=\"elementor-tab-content-5725\" class=\"elementor-tab-content elementor-clearfix\" data-tab=\"5\" role=\"tabpanel\" aria-labelledby=\"elementor-tab-title-5725\" tabindex=\"0\" hidden=\"hidden\"><span style=\"color: #808080;\"><span style=\"font-size: x-large;\"><b>SOLAR Technik<\/b><\/span><br><br><span style=\"font-size: medium;\">\nUm moderne Heizungsanlagen noch effizienter zu nutzen und obendrein auch noch die Umwelt zu schonen geh\u00f6rt seit vielen Jahren zur Kompetenz unseres Unternehmens. <\/span><\/span>\n<br><br>\n<span style=\"font-size: medium;\"><span style=\"color: #808080;\">Wir beraten Sie uns zeigen Ihnen auf, wie sich noch mehr Autonomie erreichen und zus\u00e4tzlich Kosten sparen k\u00f6nnen. Mit den neuen Solaranlagen zur Unterst\u00fctzung Ihrer Warmwasseraufbereitung ist die Einsparung Ihrer Energiekosten erheblich. Unsere Mitarbeiter sind erfahrene und bestens geschulte Fachleute und installieren die neuesten Solaranlagen von Markenherstellern mit allen erforderlichen Komponenten schnell und zuverl\u00e4ssig.<\/span> <\/span><\/div>\n\t\t\t\t\t\t\t\t\t<div class=\"elementor-tab-title elementor-tab-mobile-title\" aria-selected=\"false\" data-tab=\"6\" role=\"tab\" tabindex=\"-1\" aria-controls=\"elementor-tab-content-5726\" aria-expanded=\"false\">HOLZ-Heizung<\/div>\n\t\t\t\t\t<div id=\"elementor-tab-content-5726\" class=\"elementor-tab-content elementor-clearfix\" data-tab=\"6\" role=\"tabpanel\" aria-labelledby=\"elementor-tab-title-5726\" tabindex=\"0\" hidden=\"hidden\"><span style=\"color: #808080;\"><span style=\"font-size: x-large;\"><b>HOLZ Heizung<\/b><\/span><br><br><span style=\"font-size: medium;\">\nTraditioneller Brennstoff, moderner Komfort<\/span><\/span>\n<br><br>\n<span style=\"font-size: medium; color: #808080;\">Eine Holzheizung verbrennt Holz und erzeugt dadurch W\u00e4rme zum Beheizen von R\u00e4umen und Geb\u00e4uden. Sie ist eine Geb\u00e4udeheizung. Holz ist ein biogener Festbrennstoff. Der Brennstoff Holz (\u201eBrennholz\u201c) kann verbrannt werden in Form von Scheitholz, St\u00fcckholz, Holzbriketts, Holzpellets oder Hackschnitzeln. <\/span>\n<br><br>\n<span style=\"font-size: medium; color: #808080;\">In Holzvergaserkesseln findet der Prozess der Holzvergasung r\u00e4umlich getrennt von der Holzgasverbrennung statt, was eine separate und bessere Steuerung erm\u00f6glicht. Im Vergleich zu anderen Festbrennstoffkesseln werden sehr niedrige Schadstoffemissionen und ein sehr hoher Wirkungsgrad erreicht. Wir beraten Sie gerne.<\/span><\/div>\n\t\t\t\t\t\t\t\t\t<div class=\"elementor-tab-title elementor-tab-mobile-title\" aria-selected=\"false\" data-tab=\"7\" role=\"tab\" tabindex=\"-1\" aria-controls=\"elementor-tab-content-5727\" aria-expanded=\"false\">BRENNSTOFF-Zelle<\/div>\n\t\t\t\t\t<div id=\"elementor-tab-content-5727\" class=\"elementor-tab-content elementor-clearfix\" data-tab=\"7\" role=\"tabpanel\" aria-labelledby=\"elementor-tab-title-5727\" tabindex=\"0\" hidden=\"hidden\"><span style=\"color: #808080;\"><span style=\"font-size: x-large;\"> <b>BRENNSTOFF Zelle<\/b><\/span><br><br><span style=\"font-size: medium;\">\nBrennstoffzellenheizung \u2013 W\u00e4rme und Strom aus Gas und Wasserstoff\n<br><br>\nEine Brennstoffzellenheizung besteht vor allem aus einer Brennstoffzelle, die Wasserstoff in seine Bestandteile Wasser und Sauerstoff trennt. Durch diese Trennung entstehen W\u00e4rme und Strom. Bis fl\u00e4chendeckend Wasserstoff \u00fcber ein Leitungssystem in Haushalten verf\u00fcgbar ist, wandelt die Brennstoffzellenheizung zun\u00e4chst Erdgas in einem sogenannten \u201eReformator\u201c mithilfe von Wasserdampf in Wasserstoff um.\n<br><br>\nDie von der Brennstoffzelle erzeugte W\u00e4rme gelangt \u00fcber einen W\u00e4rmetauscher ins Heizsystem des Geb\u00e4udes. Der Strom kann direkt im Geb\u00e4ude genutzt werden. \u00dcbersch\u00fcssig selbst erzeugter Strom l\u00e4sst sich in das \u00f6ffentliche Stromnetz einspeisen.<br><br><b>Vorteile der Brennstoffzellenheizung im \u00dcberblick<\/b>\n<br><br>\n&#8211; Erzeugt Strom und W\u00e4rme\n<br><br>&#8211; L\u00e4uft sehr ger\u00e4uscharm\n<br><br>&#8211; Geringer Platzbedarf\n<br><br>&#8211; Wartungsarmes Heizsystem\n<br><br>\n&#8211; Hohe staatliche F\u00f6rderung bis 70 Prozent (nur bei Verwendung von gr\u00fcnem oder blauem Wasserstoff oder Biomethan)\n<br><br>Mit einer Brennstoffzelle nutzen Sie nicht nur ein komfortables Heizger\u00e4t, sondern Sie k\u00f6nnen sich durch die eigene Stromproduktion unabh\u00e4ngiger von Stromanbietern machen. Trotz der Abgabe f\u00fcr den selbst produzierten Strom ist Ihr eigener Strom deutlich g\u00fcnstiger. Au\u00dferdem k\u00f6nnen Sie bei nicht ben\u00f6tigter Energie von einer Einspeiseverg\u00fctung profitieren, wenn Sie die staatliche F\u00f6rderung nicht in Anspruch genommen haben.<\/span><\/div>\n\t\t\t\t\t\t\t<\/div>\n\t\t<\/div>\n\t\t\t\t\t\t<\/div>\n\t\t\t\t<\/div>\n\t\t<div class=\"elementor-element elementor-element-d2bebe5 e-con-full e-flex e-con e-child\" data-id=\"d2bebe5\" data-element_type=\"container\">\n\t\t\t\t<div class=\"elementor-element elementor-element-e03eea3 elementor-widget elementor-widget-text-editor\" data-id=\"e03eea3\" data-element_type=\"widget\" data-widget_type=\"text-editor.default\">\n\t\t\t\t<div class=\"elementor-widget-container\">\n\t\t\t\t\t\t\t\t\t<p><strong>WARTUNG\/REPARATUR<\/strong><\/p><p>Unser einzigartiger Wartungs-Service bietet unseren Kunden das Rundum-Sorglos-Paket. Die sichere und zuverl\u00e4ssige Funktion Ihrer Heizung, Klimaanlage oder Ihrer Sanit\u00e4ranlagen basiert auf der periodischen und fachgerechten Wartung durch unsere qualifizierten Mitarbeiter. Gerne unterbreiten wir Ihnen ein individuelles Angebot.<\/p><p><strong>UNSER SERVICE<\/strong><\/p>\t\t\t\t\t\t\t\t<\/div>\n\t\t\t\t<\/div>\n\t\t\t\t<div class=\"elementor-element elementor-element-2a6f8ed elementor-align-left elementor-widget elementor-widget-button\" data-id=\"2a6f8ed\" data-element_type=\"widget\" data-widget_type=\"button.default\">\n\t\t\t\t<div class=\"elementor-widget-container\">\n\t\t\t\t\t\t\t\t\t<div class=\"elementor-button-wrapper\">\n\t\t\t\t\t<a class=\"elementor-button elementor-button-link elementor-size-sm\" href=\"https:\/\/gsg-haustechnik.de\/wp\/?page_id=665\">\n\t\t\t\t\t\t<span class=\"elementor-button-content-wrapper\">\n\t\t\t\t\t\t\t\t\t<span class=\"elementor-button-text\">WARTUNGSANFRAGE<\/span>\n\t\t\t\t\t<\/span>\n\t\t\t\t\t<\/a>\n\t\t\t\t<\/div>\n\t\t\t\t\t\t\t\t<\/div>\n\t\t\t\t<\/div>\n\t\t\t\t<div class=\"elementor-element elementor-element-e17aef2 elementor-align-left elementor-widget elementor-widget-button\" data-id=\"e17aef2\" data-element_type=\"widget\" data-widget_type=\"button.default\">\n\t\t\t\t<div class=\"elementor-widget-container\">\n\t\t\t\t\t\t\t\t\t<div class=\"elementor-button-wrapper\">\n\t\t\t\t\t<a class=\"elementor-button elementor-button-link elementor-size-sm\" href=\"https:\/\/gsg-haustechnik.de\/wp\/wp-content\/uploads\/2025\/05\/GSG_Imagebroschuere_2025_A5_16_Seiten_BS.pdf\" target=\"_blank\">\n\t\t\t\t\t\t<span class=\"elementor-button-content-wrapper\">\n\t\t\t\t\t\t<span class=\"elementor-button-icon\">\n\t\t\t\t<svg aria-hidden=\"true\" class=\"e-font-icon-svg e-far-file-pdf\" viewBox=\"0 0 384 512\" xmlns=\"http:\/\/www.w3.org\/2000\/svg\"><path d=\"M369.9 97.9L286 14C277 5 264.8-.1 252.1-.1H48C21.5 0 0 21.5 0 48v416c0 26.5 21.5 48 48 48h288c26.5 0 48-21.5 48-48V131.9c0-12.7-5.1-25-14.1-34zM332.1 128H256V51.9l76.1 76.1zM48 464V48h160v104c0 13.3 10.7 24 24 24h104v288H48zm250.2-143.7c-12.2-12-47-8.7-64.4-6.5-17.2-10.5-28.7-25-36.8-46.3 3.9-16.1 10.1-40.6 5.4-56-4.2-26.2-37.8-23.6-42.6-5.9-4.4 16.1-.4 38.5 7 67.1-10 23.9-24.9 56-35.4 74.4-20 10.3-47 26.2-51 46.2-3.3 15.8 26 55.2 76.1-31.2 22.4-7.4 46.8-16.5 68.4-20.1 18.9 10.2 41 17 55.8 17 25.5 0 28-28.2 17.5-38.7zm-198.1 77.8c5.1-13.7 24.5-29.5 30.4-35-19 30.3-30.4 35.7-30.4 35zm81.6-190.6c7.4 0 6.7 32.1 1.8 40.8-4.4-13.9-4.3-40.8-1.8-40.8zm-24.4 136.6c9.7-16.9 18-37 24.7-54.7 8.3 15.1 18.9 27.2 30.1 35.5-20.8 4.3-38.9 13.1-54.8 19.2zm131.6-5s-5 6-37.3-7.8c35.1-2.6 40.9 5.4 37.3 7.8z\"><\/path><\/svg>\t\t\t<\/span>\n\t\t\t\t\t\t\t\t\t<span class=\"elementor-button-text\">UNTERNEHMENSBROSCH\u00dcRE<\/span>\n\t\t\t\t\t<\/span>\n\t\t\t\t\t<\/a>\n\t\t\t\t<\/div>\n\t\t\t\t\t\t\t\t<\/div>\n\t\t\t\t<\/div>\n\t\t\t\t<div class=\"elementor-element elementor-element-12eaa11 elementor-align-left elementor-widget elementor-widget-button\" data-id=\"12eaa11\" data-element_type=\"widget\" data-widget_type=\"button.default\">\n\t\t\t\t<div class=\"elementor-widget-container\">\n\t\t\t\t\t\t\t\t\t<div class=\"elementor-button-wrapper\">\n\t\t\t\t\t<a class=\"elementor-button elementor-button-link elementor-size-sm\" href=\"https:\/\/gsg-haustechnik.de\/wp\/?page_id=876\">\n\t\t\t\t\t\t<span class=\"elementor-button-content-wrapper\">\n\t\t\t\t\t\t\t\t\t<span class=\"elementor-button-text\">ANGEBOT ANFRAGEN<\/span>\n\t\t\t\t\t<\/span>\n\t\t\t\t\t<\/a>\n\t\t\t\t<\/div>\n\t\t\t\t\t\t\t\t<\/div>\n\t\t\t\t<\/div>\n\t\t\t\t<div class=\"elementor-element elementor-element-3772d24 elementor-widget elementor-widget-text-editor\" data-id=\"3772d24\" data-element_type=\"widget\" data-widget_type=\"text-editor.default\">\n\t\t\t\t<div class=\"elementor-widget-container\">\n\t\t\t\t\t\t\t\t\t<p><strong>REFERENZEN<\/strong><\/p><p>QUALIT\u00c4T und ERFAHRUNG zeichnen unser t\u00e4gliches Handwerk aus.<\/p>\t\t\t\t\t\t\t\t<\/div>\n\t\t\t\t<\/div>\n\t\t\t\t<div class=\"elementor-element elementor-element-5e3a2a1 elementor-align-left elementor-widget elementor-widget-button\" data-id=\"5e3a2a1\" data-element_type=\"widget\" data-widget_type=\"button.default\">\n\t\t\t\t<div class=\"elementor-widget-container\">\n\t\t\t\t\t\t\t\t\t<div class=\"elementor-button-wrapper\">\n\t\t\t\t\t<a class=\"elementor-button elementor-button-link elementor-size-sm\" href=\"https:\/\/gsg-haustechnik.de\/wp\/?page_id=853\">\n\t\t\t\t\t\t<span class=\"elementor-button-content-wrapper\">\n\t\t\t\t\t\t\t\t\t<span class=\"elementor-button-text\">REFERENZEN ANSEHEN<\/span>\n\t\t\t\t\t<\/span>\n\t\t\t\t\t<\/a>\n\t\t\t\t<\/div>\n\t\t\t\t\t\t\t\t<\/div>\n\t\t\t\t<\/div>\n\t\t\t\t<\/div>\n\t\t\t\t<\/div>\n\t\t\t\t\t<\/div>\n\t\t\t\t<\/div>\n\t\t\t\t<\/div>\n\t\t","protected":false},"excerpt":{"rendered":"<p>HEIZUNG Allgemeines W\u00e4rmepumpen \u00d6L-Heizung Gas-Heizung SOLAR-Technik HOLZ-Heizung BRENNSTOFF-Zelle Allgemeines Zeitgem\u00e4\u00dfe Planung, Beratung und Realisierung von modernen Heizanlagen HEIZUNG mit Wohlf\u00fchl-Effekt Moderne Heizungsanlagen mit modernsten zeitgem\u00e4\u00dfen Techniken wie beispielsweise W\u00e4rmepumpen geh\u00f6ren ebenso wie Solaranlagen zum umfangreichen Leistungsspektrum unseres Unternehmens. Die Nutzung von umweltschonenden und klimafreundlichen W\u00e4rmeerzeugern zur Nutzung als Raumw\u00e4rme als auch zur Warmwasserbereitung ist unser [&hellip;]<\/p>\n","protected":false},"author":1,"featured_media":0,"parent":0,"menu_order":0,"comment_status":"closed","ping_status":"closed","template":"elementor_header_footer","meta":{"footnotes":""},"class_list":["post-470","page","type-page","status-publish","hentry"],"_links":{"self":[{"href":"https:\/\/gsg-haustechnik.de\/wp\/index.php?rest_route=\/wp\/v2\/pages\/470","targetHints":{"allow":["GET"]}}],"collection":[{"href":"https:\/\/gsg-haustechnik.de\/wp\/index.php?rest_route=\/wp\/v2\/pages"}],"about":[{"href":"https:\/\/gsg-haustechnik.de\/wp\/index.php?rest_route=\/wp\/v2\/types\/page"}],"author":[{"embeddable":true,"href":"https:\/\/gsg-haustechnik.de\/wp\/index.php?rest_route=\/wp\/v2\/users\/1"}],"replies":[{"embeddable":true,"href":"https:\/\/gsg-haustechnik.de\/wp\/index.php?rest_route=%2Fwp%2Fv2%2Fcomments&post=470"}],"version-history":[{"count":59,"href":"https:\/\/gsg-haustechnik.de\/wp\/index.php?rest_route=\/wp\/v2\/pages\/470\/revisions"}],"predecessor-version":[{"id":1525,"href":"https:\/\/gsg-haustechnik.de\/wp\/index.php?rest_route=\/wp\/v2\/pages\/470\/revisions\/1525"}],"wp:attachment":[{"href":"https:\/\/gsg-haustechnik.de\/wp\/index.php?rest_route=%2Fwp%2Fv2%2Fmedia&parent=470"}],"curies":[{"name":"wp","href":"https:\/\/api.w.org\/{rel}","templated":true}]}}