{"id":596,"date":"2024-09-11T13:02:49","date_gmt":"2024-09-11T13:02:49","guid":{"rendered":"https:\/\/gsg-haustechnik.de\/wp\/?page_id=596"},"modified":"2025-06-04T10:18:12","modified_gmt":"2025-06-04T10:18:12","slug":"elementor-596","status":"publish","type":"page","link":"https:\/\/gsg-haustechnik.de\/wp\/?page_id=596","title":{"rendered":"BAD\/SANIT\u00c4R"},"content":{"rendered":"\t\t<div data-elementor-type=\"wp-page\" data-elementor-id=\"596\" class=\"elementor elementor-596\" data-elementor-post-type=\"page\">\n\t\t\t\t<div class=\"elementor-element elementor-element-1c816b64 e-flex e-con-boxed e-con e-parent\" data-id=\"1c816b64\" data-element_type=\"container\" data-settings=\"{&quot;background_background&quot;:&quot;slideshow&quot;,&quot;background_slideshow_gallery&quot;:[{&quot;id&quot;:1275,&quot;url&quot;:&quot;https:\\\/\\\/gsg-haustechnik.de\\\/wp\\\/wp-content\\\/uploads\\\/2024\\\/10\\\/Header_BAD_1280x200-1.jpg&quot;}],&quot;background_slideshow_loop&quot;:&quot;yes&quot;,&quot;background_slideshow_slide_duration&quot;:5000,&quot;background_slideshow_slide_transition&quot;:&quot;fade&quot;,&quot;background_slideshow_transition_duration&quot;:500}\">\n\t\t\t\t\t<div class=\"e-con-inner\">\n\t\t\t\t<div class=\"elementor-element elementor-element-66b54d36 elementor-widget elementor-widget-heading\" data-id=\"66b54d36\" data-element_type=\"widget\" data-widget_type=\"heading.default\">\n\t\t\t\t<div class=\"elementor-widget-container\">\n\t\t\t\t\t<h2 class=\"elementor-heading-title elementor-size-default\">BAD \/ SANIT\u00c4R<\/h2>\t\t\t\t<\/div>\n\t\t\t\t<\/div>\n\t\t\t\t\t<\/div>\n\t\t\t\t<\/div>\n\t\t<div class=\"elementor-element elementor-element-1eceb309 e-flex e-con-boxed e-con e-parent\" data-id=\"1eceb309\" data-element_type=\"container\">\n\t\t\t\t\t<div class=\"e-con-inner\">\n\t\t<div class=\"elementor-element elementor-element-384f17ab e-grid e-con-full e-con e-child\" data-id=\"384f17ab\" data-element_type=\"container\">\n\t\t\t\t<div class=\"elementor-element elementor-element-438a8835 elementor-tabs-view-vertical elementor-widget__width-initial elementor-widget elementor-widget-tabs\" data-id=\"438a8835\" data-element_type=\"widget\" data-widget_type=\"tabs.default\">\n\t\t\t\t<div class=\"elementor-widget-container\">\n\t\t\t\t\t\t\t<div class=\"elementor-tabs\">\n\t\t\t<div class=\"elementor-tabs-wrapper\" role=\"tablist\" >\n\t\t\t\t\t\t\t\t\t<div id=\"elementor-tab-title-1131\" class=\"elementor-tab-title elementor-tab-desktop-title\" aria-selected=\"true\" data-tab=\"1\" role=\"tab\" tabindex=\"0\" aria-controls=\"elementor-tab-content-1131\" aria-expanded=\"false\">LEBENSRAUM BAD<\/div>\n\t\t\t\t\t\t\t\t\t<div id=\"elementor-tab-title-1132\" class=\"elementor-tab-title elementor-tab-desktop-title\" aria-selected=\"false\" data-tab=\"2\" role=\"tab\" tabindex=\"-1\" aria-controls=\"elementor-tab-content-1132\" aria-expanded=\"false\">TRINKWASSER Technik<\/div>\n\t\t\t\t\t\t\t\t\t<div id=\"elementor-tab-title-1133\" class=\"elementor-tab-title elementor-tab-desktop-title\" aria-selected=\"false\" data-tab=\"3\" role=\"tab\" tabindex=\"-1\" aria-controls=\"elementor-tab-content-1133\" aria-expanded=\"false\">TRINKWASSER Hygiene<\/div>\n\t\t\t\t\t\t\t\t\t<div id=\"elementor-tab-title-1134\" class=\"elementor-tab-title elementor-tab-desktop-title\" aria-selected=\"false\" data-tab=\"4\" role=\"tab\" tabindex=\"-1\" aria-controls=\"elementor-tab-content-1134\" aria-expanded=\"false\">ABWASSER Technik<\/div>\n\t\t\t\t\t\t\t\t\t<div id=\"elementor-tab-title-1135\" class=\"elementor-tab-title elementor-tab-desktop-title\" aria-selected=\"false\" data-tab=\"5\" role=\"tab\" tabindex=\"-1\" aria-controls=\"elementor-tab-content-1135\" aria-expanded=\"false\">REGENWASSER Nutzung<\/div>\n\t\t\t\t\t\t\t<\/div>\n\t\t\t<div class=\"elementor-tabs-content-wrapper\" role=\"tablist\" aria-orientation=\"vertical\">\n\t\t\t\t\t\t\t\t\t<div class=\"elementor-tab-title elementor-tab-mobile-title\" aria-selected=\"true\" data-tab=\"1\" role=\"tab\" tabindex=\"0\" aria-controls=\"elementor-tab-content-1131\" aria-expanded=\"false\">LEBENSRAUM BAD<\/div>\n\t\t\t\t\t<div id=\"elementor-tab-content-1131\" class=\"elementor-tab-content elementor-clearfix\" data-tab=\"1\" role=\"tabpanel\" aria-labelledby=\"elementor-tab-title-1131\" tabindex=\"0\" hidden=\"false\"><p><span style=\"color: #808080;\"><span style=\"font-size: x-large;\"><b>LEBENSRAUM BAD<\/b><\/span><\/span><\/p><p>Moderne und zeitgem\u00e4\u00dfe B\u00e4der werden immer mehr zum Lebensraum mit Wellnessgef\u00fchl in angenehmer Atmosph\u00e4re.<\/p><p><img fetchpriority=\"high\" decoding=\"async\" src=\"https:\/\/gsg-haustechnik.de\/wp\/wp-content\/uploads\/2024\/09\/Fotolia_2881429_S.jpg\" width=\"600\" height=\"333\" \/><\/p><p>Im Vordergrund steht auch die barrierefreie Gestaltung die eine optimale Nutzung auch mit Weitblick garantiert. Die Planung Ihres Traumbades ist bei in den richtigen H\u00e4nden und wird mit der entsprechenden Einrichtung vor Ort geplant oder mit Unterst\u00fctzung der umfangreichen Badausstellungen unserer Gro\u00dfhandelspartner bei uns im Firmensitz konzipiert. Wir gehen auf die W\u00fcnsche unserer Kunden ein und stehen Ihnen mit Rat und Tat &#8211; von der Planung bis zur \u00dcbergabe zu Seite.<\/p><p>Das Zusammenwirken von professionellen Gewerkpartnern macht die Umsetzung zu einem perfekten Meister-St\u00fcck.<\/p><p>Mittels moderner Technik und den Einsatz hochwertiger Materialien ist der Weg zu Ihrem Traumbad geebnet. Dabei gibt es verschiedene Stilrichtungen, aus denen Sie ausw\u00e4hlen k\u00f6nnen. In Form und Farben sind hierbei keine Grenzen gesetzt.<\/p><p>Durch den Einsatz neuer technischen Hilfsmittel wird eine Badsanierung professionell und f\u00fcr unsere Kunden stressfrei umgesetzt. Unsere Mitarbeiter realisieren Ihr neues Bad perfekt und halten sich dabei genau an den Bauzeitenplan, der die Grundlage f\u00fcr die termingetreue Umsetzung in Absprache mit dem Kunden bildet.<\/p><p>Verlassen Sie sich auf unsere langj\u00e4hrigen Erfahrungen mit \u00f6ffentlichen Auftraggebern, privaten Bauherren sowie verschiedenen Architekturb\u00fcros.<\/p><p><span style=\"font-size: medium;\"><b>Zu unseren Leistungen z\u00e4hlen des Weiteren:<\/b><\/span><br \/>&#8211; Komplettleistungen bei Neubau und Sanierung<br \/>&#8211; Kleinstreparaturen<br \/>&#8211; Regenwasser- und Grundwassernutzungsanlagen<br \/>&#8211; Wartung von sanit\u00e4rtechnischen Anlagen<\/p><\/div>\n\t\t\t\t\t\t\t\t\t<div class=\"elementor-tab-title elementor-tab-mobile-title\" aria-selected=\"false\" data-tab=\"2\" role=\"tab\" tabindex=\"-1\" aria-controls=\"elementor-tab-content-1132\" aria-expanded=\"false\">TRINKWASSER Technik<\/div>\n\t\t\t\t\t<div id=\"elementor-tab-content-1132\" class=\"elementor-tab-content elementor-clearfix\" data-tab=\"2\" role=\"tabpanel\" aria-labelledby=\"elementor-tab-title-1132\" tabindex=\"0\" hidden=\"hidden\"><p><span style=\"color: #808080;\"><span style=\"font-size: x-large;\"><b>TRINKWASSER Technik<\/b><\/span><br \/><br \/><br \/><span style=\"font-size: medium;\"><br \/>Wasser ist das wichtigste Lebenselement und angesichts einer schnell wachsenden Weltbev\u00f6lkerung und raschen Klimawandels eine immer knapper werdende Ressource. Ein gro\u00dfer Teil der Menschheit ist von einer ausk\u00f6mmlichen Wasserversorgung noch immer ausgeschlossen. Der sparsame und schonende Umgang mit Wasser wird zunehmend zur \u00dcberlebensfrage. <\/span><\/span><br \/><br \/><br \/><span style=\"font-size: medium; color: #808080;\">Auch bei uns wird die Frage nach sinnvollem Gebrauch von Wasser immer wichtiger. Die Anwendungsbereiche nehmen zu. Auch bei sparsamem Umgang steigen Mengen und Kosten. F\u00fcr die Erhaltung einer lebenswerten Umwelt ist sauberes Wasser von gr\u00f6\u00dfter Bedeutung.<\/span><br \/><br \/><br \/><span style=\"font-size: medium; color: #808080;\">Darum bieten wir Leistungen und Produkte rund ums Wasser an, die dieser Entwicklung und ihren Erfordernissen Rechnung tragen.<\/span><\/p><\/div>\n\t\t\t\t\t\t\t\t\t<div class=\"elementor-tab-title elementor-tab-mobile-title\" aria-selected=\"false\" data-tab=\"3\" role=\"tab\" tabindex=\"-1\" aria-controls=\"elementor-tab-content-1133\" aria-expanded=\"false\">TRINKWASSER Hygiene<\/div>\n\t\t\t\t\t<div id=\"elementor-tab-content-1133\" class=\"elementor-tab-content elementor-clearfix\" data-tab=\"3\" role=\"tabpanel\" aria-labelledby=\"elementor-tab-title-1133\" tabindex=\"0\" hidden=\"hidden\"><p><span style=\"color: #808080;\"><span style=\"font-size: x-large;\"><b>TRINKWASSER Hygiene<\/b><\/span><\/span><\/p><p><span style=\"font-size: medium;\"><br \/>Unter den Trinkwasser-Begriff Hygiene fallen auch Ma\u00dfnahmen, die der Gesundheit abtr\u00e4gliche Faktoren verhindern oder minimieren. F\u00fcr den Bereich Trinkwasser-\u200bInstallation bedeutet dies, dass die Planung, der Bau und der Betrieb so zu erfolgen haben, dass Krankheiten durch die Trinkwasserinstallation nicht verursacht werden. <\/span><\/p><p><span style=\"font-size: medium; color: #808080;\">Wir sind darauf spezialisiert, diesen Anforderungen gerecht zu werden und Ihnen ein sicheres Trinkwasser-System zu planen und umzusetzen. <\/span><\/p><p><span style=\"font-size: medium; color: #808080;\">Sollten Ihn Ihrem bestehenden System Verunreinigungen wie z.B. Legionellen vorhanden sein bieten wir den entsprechende Service um diese schnellstm\u00f6glich und sicher zu beheben. <br \/><br \/><strong>Legionellen-Pr\u00fcfung<\/strong><br \/><\/span>Von der gesetzlich vorgegebenen Trinkwasserverordnung, von der Beprobung mit einem akkreditierten Labor \u00fcber eine eventuell zu erstellende Risikoeinsch\u00e4tzung bis hin zur Sanierung sind wir der richtige Wegbegleiter.<\/p><\/div>\n\t\t\t\t\t\t\t\t\t<div class=\"elementor-tab-title elementor-tab-mobile-title\" aria-selected=\"false\" data-tab=\"4\" role=\"tab\" tabindex=\"-1\" aria-controls=\"elementor-tab-content-1134\" aria-expanded=\"false\">ABWASSER Technik<\/div>\n\t\t\t\t\t<div id=\"elementor-tab-content-1134\" class=\"elementor-tab-content elementor-clearfix\" data-tab=\"4\" role=\"tabpanel\" aria-labelledby=\"elementor-tab-title-1134\" tabindex=\"0\" hidden=\"hidden\"><p><span style=\"color: #808080;\"><span style=\"font-size: x-large;\"><b>ABWASSER Technik<\/b><\/span><br \/><br \/><br \/><span style=\"font-size: medium;\"><br \/>In einer gut geplanten Haustechnik geht es darum, die anfallenden Abw\u00e4sser und Regenwasser in Entw\u00e4sserungsanlagen st\u00f6rungsfrei aus dem Haus, dem Gewerbe- oder Industriebetrieb abzuleiten. In der Regel werden dabei Ab- bzw. Regenwasser in die \u00f6ffentliche Kanalisation eingeleitet. Dabei sind Trennsystem und Mischsystem zu unterscheiden. Sch\u00e4dliche Stoffe m\u00fcssen sicher zur\u00fcckgehalten werden, R\u00fcckstau infolge hoher Niederschlagsmengen muss vermieden und gleichzeitig ist der einwandfreie Betrieb aufrechtzuerhalten. Dazu dienen Hebeanlagen, R\u00fcckstauverschl\u00fcsse, \u00d6labscheider, Fettabscheider und andere Einrichtungen.<\/span><\/span><\/p><\/div>\n\t\t\t\t\t\t\t\t\t<div class=\"elementor-tab-title elementor-tab-mobile-title\" aria-selected=\"false\" data-tab=\"5\" role=\"tab\" tabindex=\"-1\" aria-controls=\"elementor-tab-content-1135\" aria-expanded=\"false\">REGENWASSER Nutzung<\/div>\n\t\t\t\t\t<div id=\"elementor-tab-content-1135\" class=\"elementor-tab-content elementor-clearfix\" data-tab=\"5\" role=\"tabpanel\" aria-labelledby=\"elementor-tab-title-1135\" tabindex=\"0\" hidden=\"hidden\"><p><span style=\"color: #808080;\"><span style=\"font-size: x-large;\"><b>REGENWASSER Nutzung<\/b><\/span><br \/><br \/><br \/><span style=\"font-size: medium;\"><br \/><\/span>Durch\u00a0die Nutzung\u00a0von kostenlosem Regenwasser in Garten und Haus sparen Sie Geld und machen sich unabh\u00e4ngiger.\u00a0Sie entscheiden sich f\u00fcr eine ausgereifte Technik und schonen die Umwelt nachhaltig. Sie k\u00f6nnen bis zu 50% Trinkwasser durch den Einsatz von Regenwasser einsparen.<\/span><br \/><br \/><br \/><span style=\"font-size: medium; color: #808080;\">Nicht f\u00fcr jeden Einsatzzweck wird grunds\u00e4tzlich Wasser in Lebensmittelqualit\u00e4t (Trinkwasser) ben\u00f6tigt. Die permanente Verf\u00fcgbarkeit von Wasser scheint f\u00fcr die Zukunft nicht mehr selbstverst\u00e4ndlich zu sein. Es handelt sich dabei um ein globales Problem, das uns aufgrund des Klimawandels und der demoskopischen Entwicklung alle angeht. Selbst in Europa gibt es jetzt schon in einigen Regionen Wasserknappheit.<\/span><br \/><br \/><br \/><span style=\"color: #808080;\"><span style=\"font-size: medium;\"><b>Regenwassernutzung als M\u00f6glichkeit zur Reduzierung des Verbrauchs von Trinkwasser<br \/><\/b><\/span><span style=\"font-size: medium;\">Regenwasser kann \u00fcberall eingesetzt werden, wo keine Trinkwasserqualit\u00e4t erforderlich ist:<\/span><\/span><br \/><br \/><br \/><span style=\"font-size: medium; color: #808080;\">&#8211; Gartenbew\u00e4sserung<br \/>&#8211; Toilettensp\u00fclung<br \/>&#8211; W\u00e4schewaschen<br \/>&#8211; Autowaschen, Putzen<\/span><\/p><\/div>\n\t\t\t\t\t\t\t<\/div>\n\t\t<\/div>\n\t\t\t\t\t\t<\/div>\n\t\t\t\t<\/div>\n\t\t<div class=\"elementor-element elementor-element-61dd1a1e e-con-full e-flex e-con e-child\" data-id=\"61dd1a1e\" data-element_type=\"container\">\n\t\t\t\t<div class=\"elementor-element elementor-element-2e0b9aba elementor-widget elementor-widget-text-editor\" data-id=\"2e0b9aba\" data-element_type=\"widget\" data-widget_type=\"text-editor.default\">\n\t\t\t\t<div class=\"elementor-widget-container\">\n\t\t\t\t\t\t\t\t\t<p><span style=\"color: #808080;\"><strong>WARTUNG\/REPARATUR<\/strong><\/span><\/p><p><span style=\"color: #808080;\">Unser einzigartiger Wartungs-Service bietet unseren Kunden das Rundum-Sorglos-Paket. Die sichere und zuverl\u00e4ssige Funktion Ihrer Heizung, Klimaanlage oder Ihrer Sanit\u00e4ranlagen basiert auf der periodischen und fachgerechten Wartung durch unsere qualifizierten Mitarbeiter. Gerne unterbreiten wir Ihnen ein individuelles Angebot.<\/span><\/p><p><span style=\"color: #808080;\"><strong>UNSER SERVICE<\/strong><\/span><\/p>\t\t\t\t\t\t\t\t<\/div>\n\t\t\t\t<\/div>\n\t\t\t\t<div class=\"elementor-element elementor-element-79feeadc elementor-align-left elementor-widget elementor-widget-button\" data-id=\"79feeadc\" data-element_type=\"widget\" data-widget_type=\"button.default\">\n\t\t\t\t<div class=\"elementor-widget-container\">\n\t\t\t\t\t\t\t\t\t<div class=\"elementor-button-wrapper\">\n\t\t\t\t\t<a class=\"elementor-button elementor-button-link elementor-size-sm\" href=\"https:\/\/gsg-haustechnik.de\/wp\/?page_id=665\">\n\t\t\t\t\t\t<span class=\"elementor-button-content-wrapper\">\n\t\t\t\t\t\t\t\t\t<span class=\"elementor-button-text\">WARTUNGSANFRAGE<\/span>\n\t\t\t\t\t<\/span>\n\t\t\t\t\t<\/a>\n\t\t\t\t<\/div>\n\t\t\t\t\t\t\t\t<\/div>\n\t\t\t\t<\/div>\n\t\t\t\t<div class=\"elementor-element elementor-element-24d220cf elementor-align-left elementor-widget elementor-widget-button\" data-id=\"24d220cf\" data-element_type=\"widget\" data-widget_type=\"button.default\">\n\t\t\t\t<div class=\"elementor-widget-container\">\n\t\t\t\t\t\t\t\t\t<div class=\"elementor-button-wrapper\">\n\t\t\t\t\t<a class=\"elementor-button elementor-button-link elementor-size-sm\" href=\"https:\/\/gsg-haustechnik.de\/wp\/wp-content\/uploads\/2025\/05\/GSG_Imagebroschuere_2025_A5_16_Seiten_BS.pdf\" target=\"_blank\">\n\t\t\t\t\t\t<span class=\"elementor-button-content-wrapper\">\n\t\t\t\t\t\t<span class=\"elementor-button-icon\">\n\t\t\t\t<svg aria-hidden=\"true\" class=\"e-font-icon-svg e-far-file-pdf\" viewBox=\"0 0 384 512\" xmlns=\"http:\/\/www.w3.org\/2000\/svg\"><path d=\"M369.9 97.9L286 14C277 5 264.8-.1 252.1-.1H48C21.5 0 0 21.5 0 48v416c0 26.5 21.5 48 48 48h288c26.5 0 48-21.5 48-48V131.9c0-12.7-5.1-25-14.1-34zM332.1 128H256V51.9l76.1 76.1zM48 464V48h160v104c0 13.3 10.7 24 24 24h104v288H48zm250.2-143.7c-12.2-12-47-8.7-64.4-6.5-17.2-10.5-28.7-25-36.8-46.3 3.9-16.1 10.1-40.6 5.4-56-4.2-26.2-37.8-23.6-42.6-5.9-4.4 16.1-.4 38.5 7 67.1-10 23.9-24.9 56-35.4 74.4-20 10.3-47 26.2-51 46.2-3.3 15.8 26 55.2 76.1-31.2 22.4-7.4 46.8-16.5 68.4-20.1 18.9 10.2 41 17 55.8 17 25.5 0 28-28.2 17.5-38.7zm-198.1 77.8c5.1-13.7 24.5-29.5 30.4-35-19 30.3-30.4 35.7-30.4 35zm81.6-190.6c7.4 0 6.7 32.1 1.8 40.8-4.4-13.9-4.3-40.8-1.8-40.8zm-24.4 136.6c9.7-16.9 18-37 24.7-54.7 8.3 15.1 18.9 27.2 30.1 35.5-20.8 4.3-38.9 13.1-54.8 19.2zm131.6-5s-5 6-37.3-7.8c35.1-2.6 40.9 5.4 37.3 7.8z\"><\/path><\/svg>\t\t\t<\/span>\n\t\t\t\t\t\t\t\t\t<span class=\"elementor-button-text\">UNTERNEHMENSBROSCH\u00dcRE<\/span>\n\t\t\t\t\t<\/span>\n\t\t\t\t\t<\/a>\n\t\t\t\t<\/div>\n\t\t\t\t\t\t\t\t<\/div>\n\t\t\t\t<\/div>\n\t\t\t\t<div class=\"elementor-element elementor-element-3860c2a6 elementor-align-left elementor-widget elementor-widget-button\" data-id=\"3860c2a6\" data-element_type=\"widget\" data-widget_type=\"button.default\">\n\t\t\t\t<div class=\"elementor-widget-container\">\n\t\t\t\t\t\t\t\t\t<div class=\"elementor-button-wrapper\">\n\t\t\t\t\t<a class=\"elementor-button elementor-button-link elementor-size-sm\" href=\"https:\/\/gsg-haustechnik.de\/wp\/?page_id=876\">\n\t\t\t\t\t\t<span class=\"elementor-button-content-wrapper\">\n\t\t\t\t\t\t\t\t\t<span class=\"elementor-button-text\">ANGEBOT ANFRAGEN<\/span>\n\t\t\t\t\t<\/span>\n\t\t\t\t\t<\/a>\n\t\t\t\t<\/div>\n\t\t\t\t\t\t\t\t<\/div>\n\t\t\t\t<\/div>\n\t\t\t\t<div class=\"elementor-element elementor-element-26187506 elementor-widget elementor-widget-text-editor\" data-id=\"26187506\" data-element_type=\"widget\" data-widget_type=\"text-editor.default\">\n\t\t\t\t<div class=\"elementor-widget-container\">\n\t\t\t\t\t\t\t\t\t<p><strong>REFERENZEN<\/strong><\/p><p>QUALIT\u00c4T und ERFAHRUNG zeichnen unser t\u00e4gliches Handwerk aus.<\/p>\t\t\t\t\t\t\t\t<\/div>\n\t\t\t\t<\/div>\n\t\t\t\t<div class=\"elementor-element elementor-element-7becbdd4 elementor-align-left elementor-widget elementor-widget-button\" data-id=\"7becbdd4\" data-element_type=\"widget\" data-widget_type=\"button.default\">\n\t\t\t\t<div class=\"elementor-widget-container\">\n\t\t\t\t\t\t\t\t\t<div class=\"elementor-button-wrapper\">\n\t\t\t\t\t<a class=\"elementor-button elementor-button-link elementor-size-sm\" href=\"https:\/\/gsg-haustechnik.de\/wp\/?page_id=853\">\n\t\t\t\t\t\t<span class=\"elementor-button-content-wrapper\">\n\t\t\t\t\t\t\t\t\t<span class=\"elementor-button-text\">REFERENZEN ANSEHEN<\/span>\n\t\t\t\t\t<\/span>\n\t\t\t\t\t<\/a>\n\t\t\t\t<\/div>\n\t\t\t\t\t\t\t\t<\/div>\n\t\t\t\t<\/div>\n\t\t\t\t<\/div>\n\t\t\t\t<\/div>\n\t\t\t\t\t<\/div>\n\t\t\t\t<\/div>\n\t\t\t\t<\/div>\n\t\t","protected":false},"excerpt":{"rendered":"<p>BAD \/ SANIT\u00c4R LEBENSRAUM BAD TRINKWASSER Technik TRINKWASSER Hygiene ABWASSER Technik REGENWASSER Nutzung LEBENSRAUM BAD LEBENSRAUM BAD Moderne und zeitgem\u00e4\u00dfe B\u00e4der werden immer mehr zum Lebensraum mit Wellnessgef\u00fchl in angenehmer Atmosph\u00e4re. Im Vordergrund steht auch die barrierefreie Gestaltung die eine optimale Nutzung auch mit Weitblick garantiert. Die Planung Ihres Traumbades ist bei in den richtigen [&hellip;]<\/p>\n","protected":false},"author":1,"featured_media":0,"parent":0,"menu_order":0,"comment_status":"closed","ping_status":"closed","template":"elementor_header_footer","meta":{"footnotes":""},"class_list":["post-596","page","type-page","status-publish","hentry"],"_links":{"self":[{"href":"https:\/\/gsg-haustechnik.de\/wp\/index.php?rest_route=\/wp\/v2\/pages\/596","targetHints":{"allow":["GET"]}}],"collection":[{"href":"https:\/\/gsg-haustechnik.de\/wp\/index.php?rest_route=\/wp\/v2\/pages"}],"about":[{"href":"https:\/\/gsg-haustechnik.de\/wp\/index.php?rest_route=\/wp\/v2\/types\/page"}],"author":[{"embeddable":true,"href":"https:\/\/gsg-haustechnik.de\/wp\/index.php?rest_route=\/wp\/v2\/users\/1"}],"replies":[{"embeddable":true,"href":"https:\/\/gsg-haustechnik.de\/wp\/index.php?rest_route=%2Fwp%2Fv2%2Fcomments&post=596"}],"version-history":[{"count":84,"href":"https:\/\/gsg-haustechnik.de\/wp\/index.php?rest_route=\/wp\/v2\/pages\/596\/revisions"}],"predecessor-version":[{"id":1522,"href":"https:\/\/gsg-haustechnik.de\/wp\/index.php?rest_route=\/wp\/v2\/pages\/596\/revisions\/1522"}],"wp:attachment":[{"href":"https:\/\/gsg-haustechnik.de\/wp\/index.php?rest_route=%2Fwp%2Fv2%2Fmedia&parent=596"}],"curies":[{"name":"wp","href":"https:\/\/api.w.org\/{rel}","templated":true}]}}