{"id":607,"date":"2024-09-12T07:27:22","date_gmt":"2024-09-12T07:27:22","guid":{"rendered":"https:\/\/gsg-haustechnik.de\/wp\/?page_id=607"},"modified":"2025-06-04T10:19:23","modified_gmt":"2025-06-04T10:19:23","slug":"elektro","status":"publish","type":"page","link":"https:\/\/gsg-haustechnik.de\/wp\/?page_id=607","title":{"rendered":"ELEKTRO"},"content":{"rendered":"\t\t<div data-elementor-type=\"wp-page\" data-elementor-id=\"607\" class=\"elementor elementor-607\" data-elementor-post-type=\"page\">\n\t\t\t\t<div class=\"elementor-element elementor-element-9aa0d1d e-con-full e-flex e-con e-parent\" data-id=\"9aa0d1d\" data-element_type=\"container\">\n\t\t\t\t<div class=\"elementor-element elementor-element-5dcf49e elementor-widget__width-inherit elementor-widget elementor-widget-heading\" data-id=\"5dcf49e\" data-element_type=\"widget\" data-widget_type=\"heading.default\">\n\t\t\t\t<div class=\"elementor-widget-container\">\n\t\t\t\t\t<h2 class=\"elementor-heading-title elementor-size-default\"><br>ELEKTRO<\/h2>\t\t\t\t<\/div>\n\t\t\t\t<\/div>\n\t\t\t\t<\/div>\n\t\t<div class=\"elementor-element elementor-element-39ce49aa e-flex e-con-boxed e-con e-parent\" data-id=\"39ce49aa\" data-element_type=\"container\">\n\t\t\t\t\t<div class=\"e-con-inner\">\n\t\t<div class=\"elementor-element elementor-element-5832639 e-grid e-con-full e-con e-child\" data-id=\"5832639\" data-element_type=\"container\">\n\t\t\t\t<div class=\"elementor-element elementor-element-dbd4212 elementor-widget elementor-widget-text-editor\" data-id=\"dbd4212\" data-element_type=\"widget\" data-widget_type=\"text-editor.default\">\n\t\t\t\t<div class=\"elementor-widget-container\">\n\t\t\t\t\t\t\t\t\t<p>Elektro- und KNX-Installation,\u00a0 Planung und Errichtung von\u00a0 Photovoltaikanlagen Beleuchtungstechnik und Datentechnik<\/p>\t\t\t\t\t\t\t\t<\/div>\n\t\t\t\t<\/div>\n\t\t\t\t<\/div>\n\t\t<div class=\"elementor-element elementor-element-350486c8 e-grid e-con-full e-con e-child\" data-id=\"350486c8\" data-element_type=\"container\">\n\t\t\t\t<div class=\"elementor-element elementor-element-2ad7e4ba elementor-tabs-view-vertical elementor-widget__width-initial elementor-widget elementor-widget-tabs\" data-id=\"2ad7e4ba\" data-element_type=\"widget\" data-widget_type=\"tabs.default\">\n\t\t\t\t<div class=\"elementor-widget-container\">\n\t\t\t\t\t\t\t<div class=\"elementor-tabs\">\n\t\t\t<div class=\"elementor-tabs-wrapper\" role=\"tablist\" >\n\t\t\t\t\t\t\t\t\t<div id=\"elementor-tab-title-7181\" class=\"elementor-tab-title elementor-tab-desktop-title\" aria-selected=\"true\" data-tab=\"1\" role=\"tab\" tabindex=\"0\" aria-controls=\"elementor-tab-content-7181\" aria-expanded=\"false\">ELEKTRO und KNX Installation vom Profi<\/div>\n\t\t\t\t\t\t\t\t\t<div id=\"elementor-tab-title-7182\" class=\"elementor-tab-title elementor-tab-desktop-title\" aria-selected=\"false\" data-tab=\"2\" role=\"tab\" tabindex=\"-1\" aria-controls=\"elementor-tab-content-7182\" aria-expanded=\"false\">PHOTOVOLTAIK Anlagen<\/div>\n\t\t\t\t\t\t\t\t\t<div id=\"elementor-tab-title-7183\" class=\"elementor-tab-title elementor-tab-desktop-title\" aria-selected=\"false\" data-tab=\"3\" role=\"tab\" tabindex=\"-1\" aria-controls=\"elementor-tab-content-7183\" aria-expanded=\"false\">BELEUCHTUNGS Technik<\/div>\n\t\t\t\t\t\t\t\t\t<div id=\"elementor-tab-title-7184\" class=\"elementor-tab-title elementor-tab-desktop-title\" aria-selected=\"false\" data-tab=\"4\" role=\"tab\" tabindex=\"-1\" aria-controls=\"elementor-tab-content-7184\" aria-expanded=\"false\">DATEN Netze \/ DATEN Technik <\/div>\n\t\t\t\t\t\t\t\t\t<div id=\"elementor-tab-title-7185\" class=\"elementor-tab-title elementor-tab-desktop-title\" aria-selected=\"false\" data-tab=\"5\" role=\"tab\" tabindex=\"-1\" aria-controls=\"elementor-tab-content-7185\" aria-expanded=\"false\">Weitere Leistungen<\/div>\n\t\t\t\t\t\t\t<\/div>\n\t\t\t<div class=\"elementor-tabs-content-wrapper\" role=\"tablist\" aria-orientation=\"vertical\">\n\t\t\t\t\t\t\t\t\t<div class=\"elementor-tab-title elementor-tab-mobile-title\" aria-selected=\"true\" data-tab=\"1\" role=\"tab\" tabindex=\"0\" aria-controls=\"elementor-tab-content-7181\" aria-expanded=\"false\">ELEKTRO und KNX Installation vom Profi<\/div>\n\t\t\t\t\t<div id=\"elementor-tab-content-7181\" class=\"elementor-tab-content elementor-clearfix\" data-tab=\"1\" role=\"tabpanel\" aria-labelledby=\"elementor-tab-title-7181\" tabindex=\"0\" hidden=\"false\"><p><strong>ELEKTRO und KNX Installation vom Profi<\/strong><\/p><p>Die moderne Elektroinstallation bietet ein breites Spektrum intelligenter Geb\u00e4udetechnik f\u00fcr Komfort und Sicherheit. Modernste KNX-Technologie f\u00fcr die Vernetzung der gesamten Haustechnik, Musiksteuerung f\u00fcr alle R\u00e4ume, umfassende Schalterprogramme, dazu zahlreiche Funktionen der T\u00fcrkommunikation, Energie und Licht im Innen und Au\u00dfenbereich &#8211; und alles passt zusammen. Neueste Technologien in Verbindung mit fachlicher Kompetenz bringen unseren Kunden einen Mehrwert an Lebensqualit\u00e4t.<\/p><p>Im Haus oder einer Wohnung gibt es zahlreiche Optimierungsm\u00f6glichkeiten um Ihr Wohlbefinden und die Bedienung im Bereich der Elektroinstallation- und Ausstattung noch perfekter zu gestalten.<\/p><\/div>\n\t\t\t\t\t\t\t\t\t<div class=\"elementor-tab-title elementor-tab-mobile-title\" aria-selected=\"false\" data-tab=\"2\" role=\"tab\" tabindex=\"-1\" aria-controls=\"elementor-tab-content-7182\" aria-expanded=\"false\">PHOTOVOLTAIK Anlagen<\/div>\n\t\t\t\t\t<div id=\"elementor-tab-content-7182\" class=\"elementor-tab-content elementor-clearfix\" data-tab=\"2\" role=\"tabpanel\" aria-labelledby=\"elementor-tab-title-7182\" tabindex=\"0\" hidden=\"hidden\"><strong>PHOTOVOLTAIK Anlagen<\/strong>\n\nUnter Photovoltaik versteht man die direkte Umwandlung von Lichtenergie, meist aus Sonnenlicht, mittels Solarzellen in elektrische Energie. Heute gilt Photovoltaik mit gro\u00dfem Abstand als die klimafreundlichste Stromerzeugung.\n\n<img fetchpriority=\"high\" decoding=\"async\" src=\"https:\/\/gsg-haustechnik.de\/wp\/wp-content\/uploads\/2024\/09\/PV_1.jpg\" width=\"400\" height=\"333\" \/>\n\n<strong>Stromkosten sparen\n<\/strong>Solarstrom ist mindestens 3x so g\u00fcnstig wie Strom aus dem Netz: Alleine in den letzten 20 Jahren hat sich der Strompreis nahezu verdreifacht. Im Gegensatz dazu hat sich der Preis f\u00fcr eine Kilowattstunde selbst erzeugten Solarstrom stark verringert: Laut Fraunhofer ISE produzieren PV-Anlagen je nach Anlagentyp und Sonneneinstrahlung eine Kilowattstunde Solarstrom f\u00fcr nur 3 &#8211; 11 Cent.\n\n<strong>Unabh\u00e4ngigkeit von steigenden Strompreisen gewinnen\n<\/strong>Die Energie der Sonne ist nahezu grenzenlos und Sie produzieren mit einer Photovoltaikanlage mindestens 20 Jahre Ihren eigenen Strom. W\u00e4hrend die Gro\u00dfkonzerne also ihre Preise erh\u00f6hen, profitieren Sie einfach weiter von Ihrem eigenen Solarstrom.\n\n<strong>Einspeiseverg\u00fctung bekommen\n<\/strong>Neben den Kosteneinsparungen profitieren Sie auch von der Einspeiseverg\u00fctung. Das ist das Geld, das Sie f\u00fcr den Strom bekommen, den Sie nicht verwenden k\u00f6nnen und daher ins \u00f6ffentliche Stromnetz einspeisen.\n\n<strong>Photovoltaik-F\u00f6rderprogramme nutzen<\/strong>\n\nDa Solarenergie essentiell f\u00fcr die Energiewende ist, gibt es neben der Einspeiseverg\u00fctung auch zahlreiche Photovoltaik-F\u00f6rderprogramme, mit denen Sie die Anschaffungskosten reduzieren k\u00f6nnen.\n\n<strong>Fahrtkosten senken\n<\/strong>Eine Photovoltaikanlage ist ein optimaler Weg, um Ihre Fahrtkosten zu senken. Elektroautos sind auf dem Vormarsch und mit ihnen auch die Wallbox (Ladestationen f\u00fcr E-Autos). Kein Wunder, denn schon jetzt sind E-Autos im Betrieb deutlich g\u00fcnstiger als Autos mit Verbrennungsmotoren. Wenn Sie Ihr E-Auto dann auch noch mit g\u00fcnstigem Solarstrom aus der eigenen Photovoltaikanlage aufladen, fahren Sie nicht nur bis zu 90 % g\u00fcnstiger, sondern auch noch nahezu emissionsfrei.\n\n<strong>Immobilienwert steigern\n<\/strong>Ein Punkt, den viele vergessen, ist, dass eine eigene PV-Anlage den Wert Ihrer Immobilie erheblich steigern und sogar die Anschaffungskosten \u00fcbertreffen kann. Das liegt auch an den langfristigen Ersparnissen und Einspeiseverg\u00fctungen f\u00fcr die Eigent\u00fcmer.\n\n<strong>Umwelt sch\u00fctzen\n<\/strong>Solarenergie ist eine erneuerbare Energiequelle und damit enorm umweltfreundlich. Wenn Sie die Energie der Sonne mit einer Photovoltaikanlage nutzen, helfen Sie also auch dabei, unseren Planeten zu erhalten.<\/div>\n\t\t\t\t\t\t\t\t\t<div class=\"elementor-tab-title elementor-tab-mobile-title\" aria-selected=\"false\" data-tab=\"3\" role=\"tab\" tabindex=\"-1\" aria-controls=\"elementor-tab-content-7183\" aria-expanded=\"false\">BELEUCHTUNGS Technik<\/div>\n\t\t\t\t\t<div id=\"elementor-tab-content-7183\" class=\"elementor-tab-content elementor-clearfix\" data-tab=\"3\" role=\"tabpanel\" aria-labelledby=\"elementor-tab-title-7183\" tabindex=\"0\" hidden=\"hidden\"><p><strong>BELEUCHTUNGS Technik<\/strong><\/p><p>Durch die Planung von entsprechenden Beleuchtungskonzepten ob zur perfekten Ausleuchtung von Arbeitsr\u00e4umen oder der\u00a0 Schaffung von Behaglichkeit in den \u201eWohlf\u00fchloasen\u201c eines Geb\u00e4udes werden Ihre Anspr\u00fcche von uns umgesetzt.<\/p><p>Intelligente Steuerungen und energiesparende Leuchtmittel tragen zus\u00e4tzlich \u00a0dazu bei, die Umwelt und unseren Geldbeutel zu schonen. Durch intelligente Steuerungssysteme wird die Bedienung zum Kinderspiel.\u00a0<\/p><\/div>\n\t\t\t\t\t\t\t\t\t<div class=\"elementor-tab-title elementor-tab-mobile-title\" aria-selected=\"false\" data-tab=\"4\" role=\"tab\" tabindex=\"-1\" aria-controls=\"elementor-tab-content-7184\" aria-expanded=\"false\">DATEN Netze \/ DATEN Technik <\/div>\n\t\t\t\t\t<div id=\"elementor-tab-content-7184\" class=\"elementor-tab-content elementor-clearfix\" data-tab=\"4\" role=\"tabpanel\" aria-labelledby=\"elementor-tab-title-7184\" tabindex=\"0\" hidden=\"hidden\"><p><strong>DATEN Netze \/ DATEN Technik <\/strong><\/p><p>Datennetze sind die Basis f\u00fcr ein verl\u00e4ssliches und passendes IT-System. Wir errichten Netzwerke in Kupfer- und Glasfasertechnik, installieren Netzwerk- und Serverschr\u00e4nke und \u00a0sorgen f\u00fcr den fachgerechten Anschluss. So unterst\u00fctzen wir Sie beim Aufbau Ihrer IT-Infrastruktur.<\/p><\/div>\n\t\t\t\t\t\t\t\t\t<div class=\"elementor-tab-title elementor-tab-mobile-title\" aria-selected=\"false\" data-tab=\"5\" role=\"tab\" tabindex=\"-1\" aria-controls=\"elementor-tab-content-7185\" aria-expanded=\"false\">Weitere Leistungen<\/div>\n\t\t\t\t\t<div id=\"elementor-tab-content-7185\" class=\"elementor-tab-content elementor-clearfix\" data-tab=\"5\" role=\"tabpanel\" aria-labelledby=\"elementor-tab-title-7185\" tabindex=\"0\" hidden=\"hidden\"><p><strong>Weitere Leistungen<\/strong><\/p><p>Wir bieten Ihnen die umfangreichen Leistungen der gesamten Energie und Geb\u00e4udetechnik. Als zuverl\u00e4ssiger Partner in allen Gesch\u00e4ftsfeldern steht Ihnen unser Team jederzeit gerne zur Verf\u00fcgung. Im Haus oder einer Wohnung gibt es zahlreiche Optimierungsm\u00f6glichkeiten um Ihr Wohlbefinden und die Bedienung im Bereich der Elektroinstallation- und Ausstattung noch perfekter zu gestalten.<\/p><p>Vor allem das Themenfeld \u201eSchutz und Sicherheit\u201c r\u00fcckt immer mehr in den Fokus. Das Gef\u00fchl der Sicherheit verleiht innere Ruhe und sorgt f\u00fcr Harmonie. Ob vernetzte Rauchmelder oder Alarmsysteme wir haben das Richtige f\u00fcr Sie.<\/p><p>&#8211; Elektroinstallation &amp; -pr\u00fcfung<\/p><p>&#8211; Blitzschutzanlagen<\/p><p>&#8211; Sprech- und Videoanlagen<\/p><p>&#8211; Sicherheitssysteme<\/p><p>&#8211; TV-Satellitensysteme<\/p><\/div>\n\t\t\t\t\t\t\t<\/div>\n\t\t<\/div>\n\t\t\t\t\t\t<\/div>\n\t\t\t\t<\/div>\n\t\t<div class=\"elementor-element elementor-element-2e7e6c8f e-con-full e-flex e-con e-child\" data-id=\"2e7e6c8f\" data-element_type=\"container\">\n\t\t\t\t<div class=\"elementor-element elementor-element-14d01c36 elementor-widget elementor-widget-text-editor\" data-id=\"14d01c36\" data-element_type=\"widget\" data-widget_type=\"text-editor.default\">\n\t\t\t\t<div class=\"elementor-widget-container\">\n\t\t\t\t\t\t\t\t\t<p><span style=\"color: #808080;\"><strong>WARTUNG\/REPARATUR<\/strong><\/span><\/p><p><span style=\"color: #808080;\">Unser einzigartiger Wartungs-Service bietet unseren Kunden das Rundum-Sorglos-Paket. Die sichere und zuverl\u00e4ssige Funktion Ihrer Heizung, Klimaanlage oder Ihrer Sanit\u00e4ranlagen basiert auf der periodischen und fachgerechten Wartung durch unsere qualifizierten Mitarbeiter. Gerne unterbreiten wir Ihnen ein individuelles Angebot.<\/span><\/p><p><span style=\"color: #808080;\"><strong>UNSER SERVICE<\/strong><\/span><\/p>\t\t\t\t\t\t\t\t<\/div>\n\t\t\t\t<\/div>\n\t\t\t\t<div class=\"elementor-element elementor-element-66e5b3cc elementor-align-left elementor-widget elementor-widget-button\" data-id=\"66e5b3cc\" data-element_type=\"widget\" data-widget_type=\"button.default\">\n\t\t\t\t<div class=\"elementor-widget-container\">\n\t\t\t\t\t\t\t\t\t<div class=\"elementor-button-wrapper\">\n\t\t\t\t\t<a class=\"elementor-button elementor-button-link elementor-size-sm\" href=\"https:\/\/gsg-haustechnik.de\/wp\/?page_id=665\">\n\t\t\t\t\t\t<span class=\"elementor-button-content-wrapper\">\n\t\t\t\t\t\t\t\t\t<span class=\"elementor-button-text\">WARTUNGSANFRAGE<\/span>\n\t\t\t\t\t<\/span>\n\t\t\t\t\t<\/a>\n\t\t\t\t<\/div>\n\t\t\t\t\t\t\t\t<\/div>\n\t\t\t\t<\/div>\n\t\t\t\t<div class=\"elementor-element elementor-element-3e67fcb elementor-align-left elementor-widget elementor-widget-button\" data-id=\"3e67fcb\" data-element_type=\"widget\" data-widget_type=\"button.default\">\n\t\t\t\t<div class=\"elementor-widget-container\">\n\t\t\t\t\t\t\t\t\t<div class=\"elementor-button-wrapper\">\n\t\t\t\t\t<a class=\"elementor-button elementor-button-link elementor-size-sm\" href=\"https:\/\/gsg-haustechnik.de\/wp\/wp-content\/uploads\/2025\/05\/GSG_Imagebroschuere_2025_A5_16_Seiten_BS.pdf\" target=\"_blank\">\n\t\t\t\t\t\t<span class=\"elementor-button-content-wrapper\">\n\t\t\t\t\t\t<span class=\"elementor-button-icon\">\n\t\t\t\t<svg aria-hidden=\"true\" class=\"e-font-icon-svg e-far-file-pdf\" viewBox=\"0 0 384 512\" xmlns=\"http:\/\/www.w3.org\/2000\/svg\"><path d=\"M369.9 97.9L286 14C277 5 264.8-.1 252.1-.1H48C21.5 0 0 21.5 0 48v416c0 26.5 21.5 48 48 48h288c26.5 0 48-21.5 48-48V131.9c0-12.7-5.1-25-14.1-34zM332.1 128H256V51.9l76.1 76.1zM48 464V48h160v104c0 13.3 10.7 24 24 24h104v288H48zm250.2-143.7c-12.2-12-47-8.7-64.4-6.5-17.2-10.5-28.7-25-36.8-46.3 3.9-16.1 10.1-40.6 5.4-56-4.2-26.2-37.8-23.6-42.6-5.9-4.4 16.1-.4 38.5 7 67.1-10 23.9-24.9 56-35.4 74.4-20 10.3-47 26.2-51 46.2-3.3 15.8 26 55.2 76.1-31.2 22.4-7.4 46.8-16.5 68.4-20.1 18.9 10.2 41 17 55.8 17 25.5 0 28-28.2 17.5-38.7zm-198.1 77.8c5.1-13.7 24.5-29.5 30.4-35-19 30.3-30.4 35.7-30.4 35zm81.6-190.6c7.4 0 6.7 32.1 1.8 40.8-4.4-13.9-4.3-40.8-1.8-40.8zm-24.4 136.6c9.7-16.9 18-37 24.7-54.7 8.3 15.1 18.9 27.2 30.1 35.5-20.8 4.3-38.9 13.1-54.8 19.2zm131.6-5s-5 6-37.3-7.8c35.1-2.6 40.9 5.4 37.3 7.8z\"><\/path><\/svg>\t\t\t<\/span>\n\t\t\t\t\t\t\t\t\t<span class=\"elementor-button-text\">UNTERNEHMENSBROSCH\u00dcRE<\/span>\n\t\t\t\t\t<\/span>\n\t\t\t\t\t<\/a>\n\t\t\t\t<\/div>\n\t\t\t\t\t\t\t\t<\/div>\n\t\t\t\t<\/div>\n\t\t\t\t<div class=\"elementor-element elementor-element-3cccf9bd elementor-align-left elementor-widget elementor-widget-button\" data-id=\"3cccf9bd\" data-element_type=\"widget\" data-widget_type=\"button.default\">\n\t\t\t\t<div class=\"elementor-widget-container\">\n\t\t\t\t\t\t\t\t\t<div class=\"elementor-button-wrapper\">\n\t\t\t\t\t<a class=\"elementor-button elementor-button-link elementor-size-sm\" href=\"https:\/\/gsg-haustechnik.de\/wp\/?page_id=876\">\n\t\t\t\t\t\t<span class=\"elementor-button-content-wrapper\">\n\t\t\t\t\t\t\t\t\t<span class=\"elementor-button-text\">ANGEBOT ANFRAGEN<\/span>\n\t\t\t\t\t<\/span>\n\t\t\t\t\t<\/a>\n\t\t\t\t<\/div>\n\t\t\t\t\t\t\t\t<\/div>\n\t\t\t\t<\/div>\n\t\t\t\t<div class=\"elementor-element elementor-element-d574b9b elementor-widget elementor-widget-text-editor\" data-id=\"d574b9b\" data-element_type=\"widget\" data-widget_type=\"text-editor.default\">\n\t\t\t\t<div class=\"elementor-widget-container\">\n\t\t\t\t\t\t\t\t\t<p><span style=\"color: #808080;\"><strong>REFERENZEN<\/strong><\/span><\/p><p><span style=\"color: #808080;\">QUALIT\u00c4T und ERFAHRUNG zeichnen unser t\u00e4gliches Handwerk aus.<\/span><\/p>\t\t\t\t\t\t\t\t<\/div>\n\t\t\t\t<\/div>\n\t\t\t\t<div class=\"elementor-element elementor-element-20433963 elementor-align-left elementor-widget elementor-widget-button\" data-id=\"20433963\" data-element_type=\"widget\" data-widget_type=\"button.default\">\n\t\t\t\t<div class=\"elementor-widget-container\">\n\t\t\t\t\t\t\t\t\t<div class=\"elementor-button-wrapper\">\n\t\t\t\t\t<a class=\"elementor-button elementor-button-link elementor-size-sm\" href=\"https:\/\/gsg-haustechnik.de\/wp\/?page_id=853\">\n\t\t\t\t\t\t<span class=\"elementor-button-content-wrapper\">\n\t\t\t\t\t\t\t\t\t<span class=\"elementor-button-text\">REFERENZEN ANSEHEN<\/span>\n\t\t\t\t\t<\/span>\n\t\t\t\t\t<\/a>\n\t\t\t\t<\/div>\n\t\t\t\t\t\t\t\t<\/div>\n\t\t\t\t<\/div>\n\t\t\t\t<\/div>\n\t\t\t\t<\/div>\n\t\t\t\t\t<\/div>\n\t\t\t\t<\/div>\n\t\t\t\t<\/div>\n\t\t","protected":false},"excerpt":{"rendered":"<p>ELEKTRO Elektro- und KNX-Installation,\u00a0 Planung und Errichtung von\u00a0 Photovoltaikanlagen Beleuchtungstechnik und Datentechnik ELEKTRO und KNX Installation vom Profi PHOTOVOLTAIK Anlagen BELEUCHTUNGS Technik DATEN Netze \/ DATEN Technik Weitere Leistungen ELEKTRO und KNX Installation vom Profi ELEKTRO und KNX Installation vom Profi Die moderne Elektroinstallation bietet ein breites Spektrum intelligenter Geb\u00e4udetechnik f\u00fcr Komfort und Sicherheit. Modernste [&hellip;]<\/p>\n","protected":false},"author":1,"featured_media":0,"parent":0,"menu_order":0,"comment_status":"closed","ping_status":"closed","template":"elementor_header_footer","meta":{"footnotes":""},"class_list":["post-607","page","type-page","status-publish","hentry"],"_links":{"self":[{"href":"https:\/\/gsg-haustechnik.de\/wp\/index.php?rest_route=\/wp\/v2\/pages\/607","targetHints":{"allow":["GET"]}}],"collection":[{"href":"https:\/\/gsg-haustechnik.de\/wp\/index.php?rest_route=\/wp\/v2\/pages"}],"about":[{"href":"https:\/\/gsg-haustechnik.de\/wp\/index.php?rest_route=\/wp\/v2\/types\/page"}],"author":[{"embeddable":true,"href":"https:\/\/gsg-haustechnik.de\/wp\/index.php?rest_route=\/wp\/v2\/users\/1"}],"replies":[{"embeddable":true,"href":"https:\/\/gsg-haustechnik.de\/wp\/index.php?rest_route=%2Fwp%2Fv2%2Fcomments&post=607"}],"version-history":[{"count":68,"href":"https:\/\/gsg-haustechnik.de\/wp\/index.php?rest_route=\/wp\/v2\/pages\/607\/revisions"}],"predecessor-version":[{"id":1531,"href":"https:\/\/gsg-haustechnik.de\/wp\/index.php?rest_route=\/wp\/v2\/pages\/607\/revisions\/1531"}],"wp:attachment":[{"href":"https:\/\/gsg-haustechnik.de\/wp\/index.php?rest_route=%2Fwp%2Fv2%2Fmedia&parent=607"}],"curies":[{"name":"wp","href":"https:\/\/api.w.org\/{rel}","templated":true}]}}