{"id":610,"date":"2024-09-12T07:28:35","date_gmt":"2024-09-12T07:28:35","guid":{"rendered":"https:\/\/gsg-haustechnik.de\/wp\/?page_id=610"},"modified":"2025-06-04T10:19:42","modified_gmt":"2025-06-04T10:19:42","slug":"klima-lueftung","status":"publish","type":"page","link":"https:\/\/gsg-haustechnik.de\/wp\/?page_id=610","title":{"rendered":"KLIMA\/L\u00dcFTUNG"},"content":{"rendered":"\t\t<div data-elementor-type=\"wp-page\" data-elementor-id=\"610\" class=\"elementor elementor-610\" data-elementor-post-type=\"page\">\n\t\t\t\t<div class=\"elementor-element elementor-element-55f0251 e-flex e-con-boxed e-con e-parent\" data-id=\"55f0251\" data-element_type=\"container\" data-settings=\"{&quot;background_background&quot;:&quot;slideshow&quot;,&quot;background_slideshow_gallery&quot;:[{&quot;id&quot;:19,&quot;url&quot;:&quot;https:\\\/\\\/gsg-haustechnik.de\\\/wp\\\/wp-content\\\/uploads\\\/2024\\\/09\\\/Header_KLIMA_1280x200.jpg&quot;}],&quot;background_slideshow_loop&quot;:&quot;yes&quot;,&quot;background_slideshow_slide_duration&quot;:5000,&quot;background_slideshow_slide_transition&quot;:&quot;fade&quot;,&quot;background_slideshow_transition_duration&quot;:500}\">\n\t\t\t\t\t<div class=\"e-con-inner\">\n\t\t\t\t<div class=\"elementor-element elementor-element-483b6c37 elementor-widget elementor-widget-heading\" data-id=\"483b6c37\" data-element_type=\"widget\" data-widget_type=\"heading.default\">\n\t\t\t\t<div class=\"elementor-widget-container\">\n\t\t\t\t\t<h2 class=\"elementor-heading-title elementor-size-default\">KLIMA \/ L\u00dcFTUNG<\/h2>\t\t\t\t<\/div>\n\t\t\t\t<\/div>\n\t\t\t\t\t<\/div>\n\t\t\t\t<\/div>\n\t\t<div class=\"elementor-element elementor-element-21b91519 e-flex e-con-boxed e-con e-parent\" data-id=\"21b91519\" data-element_type=\"container\">\n\t\t\t\t\t<div class=\"e-con-inner\">\n\t\t<div class=\"elementor-element elementor-element-279da244 e-grid e-con-full e-con e-child\" data-id=\"279da244\" data-element_type=\"container\">\n\t\t\t\t<div class=\"elementor-element elementor-element-485aea28 elementor-tabs-view-vertical elementor-widget__width-initial elementor-widget elementor-widget-tabs\" data-id=\"485aea28\" data-element_type=\"widget\" data-widget_type=\"tabs.default\">\n\t\t\t\t<div class=\"elementor-widget-container\">\n\t\t\t\t\t\t\t<div class=\"elementor-tabs\">\n\t\t\t<div class=\"elementor-tabs-wrapper\" role=\"tablist\" >\n\t\t\t\t\t\t\t\t\t<div id=\"elementor-tab-title-1211\" class=\"elementor-tab-title elementor-tab-desktop-title\" aria-selected=\"true\" data-tab=\"1\" role=\"tab\" tabindex=\"0\" aria-controls=\"elementor-tab-content-1211\" aria-expanded=\"false\">Prima KLIMA in allen R\u00e4umen<\/div>\n\t\t\t\t\t\t\t\t\t<div id=\"elementor-tab-title-1212\" class=\"elementor-tab-title elementor-tab-desktop-title\" aria-selected=\"false\" data-tab=\"2\" role=\"tab\" tabindex=\"-1\" aria-controls=\"elementor-tab-content-1212\" aria-expanded=\"false\">Wir sorgen f\u00fcr bestes Klima! <\/div>\n\t\t\t\t\t\t\t\t\t<div id=\"elementor-tab-title-1213\" class=\"elementor-tab-title elementor-tab-desktop-title\" aria-selected=\"false\" data-tab=\"3\" role=\"tab\" tabindex=\"-1\" aria-controls=\"elementor-tab-content-1213\" aria-expanded=\"false\">Weitere Leistungen<\/div>\n\t\t\t\t\t\t\t<\/div>\n\t\t\t<div class=\"elementor-tabs-content-wrapper\" role=\"tablist\" aria-orientation=\"vertical\">\n\t\t\t\t\t\t\t\t\t<div class=\"elementor-tab-title elementor-tab-mobile-title\" aria-selected=\"true\" data-tab=\"1\" role=\"tab\" tabindex=\"0\" aria-controls=\"elementor-tab-content-1211\" aria-expanded=\"false\">Prima KLIMA in allen R\u00e4umen<\/div>\n\t\t\t\t\t<div id=\"elementor-tab-content-1211\" class=\"elementor-tab-content elementor-clearfix\" data-tab=\"1\" role=\"tabpanel\" aria-labelledby=\"elementor-tab-title-1211\" tabindex=\"0\" hidden=\"false\"><span style=\"font-size: large; color: #808080;\"><b>Planung, Beratung sowie Einbau von Klima- und L\u00fcftungsanlagen\nin Wohn- und B\u00fcrogeb\u00e4uden, Lagerhallen und \u00c4hnlichem<\/b><\/span><br><br>\n<span style=\"font-size: x-large; color: #808080;\">\nPrima KLIMA in allen R\u00e4umen\n<\/span><br><br>\n<span style=\"font-size: medium; color: #808080;\">Die Klimatisierung spielt eine fundamentale Rolle f\u00fcr das Wohlbefinden zu Hause oder bei der Arbeit. Die richtige Auswahl der Klimaanlage f\u00fcr die Be- und Entl\u00fcftung sowie die Positionierung vor Ort entscheiden ma\u00dfgeblich \u00fcber ein behagliches und zugfreies Klima in ihren Privat- oder Gesch\u00e4ftsr\u00e4umen, so dass Sie sich jederzeit wohlf\u00fchlen k\u00f6nnen.<\/span>\n<br><br>\n<span style=\"font-size: medium; color: #808080;\">Dank integrierter Luftbehandlung, ger\u00e4uscharmen Betrieb der Innenger\u00e4te und einfacher Installation eignet sich unsere Klimatechnik ideal f\u00fcr jeden m\u00f6glichen Anwendungsfall.<\/span>\n\n<span style=\"font-size: medium; color: #808080;\">Unsere Partner sind die namenhaften Hersteller aus dem Bereich der Klima- und L\u00fcftungstechnik, welche \u00fcber ein gro\u00dfes Produktsortiment verf\u00fcgen.<\/span>\n<br><br>\n<span style=\"font-size: medium; color: #808080;\">Klimatechnik ist Profisache, denn schlie\u00dflich wollen Sie im Sommer wie im Winter stets ein angenehmes Klima genie\u00dfen, ob daheim oder im B\u00fcro. Lassen Sie sich ausf\u00fchrlich zu Ihrer neuen Klimaanlage beraten.<\/span>\n<br><br>\n<span style=\"font-size: medium; color: #808080;\">Bei K\u00e4lte oder W\u00e4rme &#8211; wir machen das passende Klima. Wir liefern und installieren die ausgew\u00e4hlte Klimaanlage bei Ihnen zu Hause oder im B\u00fcro. Termintreue und professionelle Ausf\u00fchrung steht bei uns an erster Stelle.<\/span><\/div>\n\t\t\t\t\t\t\t\t\t<div class=\"elementor-tab-title elementor-tab-mobile-title\" aria-selected=\"false\" data-tab=\"2\" role=\"tab\" tabindex=\"-1\" aria-controls=\"elementor-tab-content-1212\" aria-expanded=\"false\">Wir sorgen f\u00fcr bestes Klima! <\/div>\n\t\t\t\t\t<div id=\"elementor-tab-content-1212\" class=\"elementor-tab-content elementor-clearfix\" data-tab=\"2\" role=\"tabpanel\" aria-labelledby=\"elementor-tab-title-1212\" tabindex=\"0\" hidden=\"hidden\"><span style=\"font-size: x-large; color: #808080;\"><b>Wir sorgen f\u00fcr bestes Klima! <\/b><\/span>\n<br><br>\n<span style=\"font-size: medium; color: #808080;\">Vom einfachen, leicht zu installierenden und formsch\u00f6nen Wandger\u00e4t, das je nach Bedarf f\u00fcr W\u00e4rme oder K\u00e4lte in Ihren R\u00e4umen sorgt, bis hin zur komplexen Klimaanlage, bestehend aus Au\u00dfeneinheiten, an die verschiedenste Inneneinheiten angeschlossen werden k\u00f6nnen, \u00fcbernehmen wir die Planung und Installation von Klimaanlagen. Selbstverst\u00e4ndlich geh\u00f6rt nach Inbetriebnahme auch die Wartung der Anlagen zu unserem Service.<\/span><\/div>\n\t\t\t\t\t\t\t\t\t<div class=\"elementor-tab-title elementor-tab-mobile-title\" aria-selected=\"false\" data-tab=\"3\" role=\"tab\" tabindex=\"-1\" aria-controls=\"elementor-tab-content-1213\" aria-expanded=\"false\">Weitere Leistungen<\/div>\n\t\t\t\t\t<div id=\"elementor-tab-content-1213\" class=\"elementor-tab-content elementor-clearfix\" data-tab=\"3\" role=\"tabpanel\" aria-labelledby=\"elementor-tab-title-1213\" tabindex=\"0\" hidden=\"hidden\"><p><span style=\"font-size: x-large; color: #808080;\"><b>Zu unseren Leistungen z\u00e4hlen des Weiteren:<\/b><\/span><br \/><br \/><br \/><span style=\"color: #808080;\">&#8211; Tiefgaragen-L\u00fcftungsanlagen<\/span><br \/><br \/><br \/><span style=\"color: #808080;\">&#8211; K\u00fcchen-Abluftanlagen (mit und ohne Gaskochfelder)<\/span><br \/><br \/><br \/><span style=\"color: #808080;\">&#8211; Reinraum-Klimasysteme<\/span><\/p><\/div>\n\t\t\t\t\t\t\t<\/div>\n\t\t<\/div>\n\t\t\t\t\t\t<\/div>\n\t\t\t\t<\/div>\n\t\t<div class=\"elementor-element elementor-element-5470aa33 e-con-full e-flex e-con e-child\" data-id=\"5470aa33\" data-element_type=\"container\">\n\t\t\t\t<div class=\"elementor-element elementor-element-51263c69 elementor-widget elementor-widget-text-editor\" data-id=\"51263c69\" data-element_type=\"widget\" data-widget_type=\"text-editor.default\">\n\t\t\t\t<div class=\"elementor-widget-container\">\n\t\t\t\t\t\t\t\t\t<p><strong>WARTUNG\/REPARATUR<\/strong><\/p><p>Unser einzigartiger Wartungs-Service bietet unseren Kunden das Rundum-Sorglos-Paket. Die sichere und zuverl\u00e4ssige Funktion Ihrer Heizung, Klimaanlage oder Ihrer Sanit\u00e4ranlagen basiert auf der periodischen und fachgerechten Wartung durch unsere qualifizierten Mitarbeiter. Gerne unterbreiten wir Ihnen ein individuelles Angebot.<\/p><p><strong>UNSER SERVICE<\/strong><\/p>\t\t\t\t\t\t\t\t<\/div>\n\t\t\t\t<\/div>\n\t\t\t\t<div class=\"elementor-element elementor-element-18752a46 elementor-align-left elementor-widget elementor-widget-button\" data-id=\"18752a46\" data-element_type=\"widget\" data-widget_type=\"button.default\">\n\t\t\t\t<div class=\"elementor-widget-container\">\n\t\t\t\t\t\t\t\t\t<div class=\"elementor-button-wrapper\">\n\t\t\t\t\t<a class=\"elementor-button elementor-button-link elementor-size-sm\" href=\"https:\/\/gsg-haustechnik.de\/wp\/?page_id=665\">\n\t\t\t\t\t\t<span class=\"elementor-button-content-wrapper\">\n\t\t\t\t\t\t\t\t\t<span class=\"elementor-button-text\">WARTUNGSANFRAGE<\/span>\n\t\t\t\t\t<\/span>\n\t\t\t\t\t<\/a>\n\t\t\t\t<\/div>\n\t\t\t\t\t\t\t\t<\/div>\n\t\t\t\t<\/div>\n\t\t\t\t<div class=\"elementor-element elementor-element-f9cfda6 elementor-align-left elementor-widget elementor-widget-button\" data-id=\"f9cfda6\" data-element_type=\"widget\" data-widget_type=\"button.default\">\n\t\t\t\t<div class=\"elementor-widget-container\">\n\t\t\t\t\t\t\t\t\t<div class=\"elementor-button-wrapper\">\n\t\t\t\t\t<a class=\"elementor-button elementor-button-link elementor-size-sm\" href=\"https:\/\/gsg-haustechnik.de\/wp\/wp-content\/uploads\/2025\/05\/GSG_Imagebroschuere_2025_A5_16_Seiten_BS.pdf\" target=\"_blank\">\n\t\t\t\t\t\t<span class=\"elementor-button-content-wrapper\">\n\t\t\t\t\t\t<span class=\"elementor-button-icon\">\n\t\t\t\t<svg aria-hidden=\"true\" class=\"e-font-icon-svg e-far-file-pdf\" viewBox=\"0 0 384 512\" xmlns=\"http:\/\/www.w3.org\/2000\/svg\"><path d=\"M369.9 97.9L286 14C277 5 264.8-.1 252.1-.1H48C21.5 0 0 21.5 0 48v416c0 26.5 21.5 48 48 48h288c26.5 0 48-21.5 48-48V131.9c0-12.7-5.1-25-14.1-34zM332.1 128H256V51.9l76.1 76.1zM48 464V48h160v104c0 13.3 10.7 24 24 24h104v288H48zm250.2-143.7c-12.2-12-47-8.7-64.4-6.5-17.2-10.5-28.7-25-36.8-46.3 3.9-16.1 10.1-40.6 5.4-56-4.2-26.2-37.8-23.6-42.6-5.9-4.4 16.1-.4 38.5 7 67.1-10 23.9-24.9 56-35.4 74.4-20 10.3-47 26.2-51 46.2-3.3 15.8 26 55.2 76.1-31.2 22.4-7.4 46.8-16.5 68.4-20.1 18.9 10.2 41 17 55.8 17 25.5 0 28-28.2 17.5-38.7zm-198.1 77.8c5.1-13.7 24.5-29.5 30.4-35-19 30.3-30.4 35.7-30.4 35zm81.6-190.6c7.4 0 6.7 32.1 1.8 40.8-4.4-13.9-4.3-40.8-1.8-40.8zm-24.4 136.6c9.7-16.9 18-37 24.7-54.7 8.3 15.1 18.9 27.2 30.1 35.5-20.8 4.3-38.9 13.1-54.8 19.2zm131.6-5s-5 6-37.3-7.8c35.1-2.6 40.9 5.4 37.3 7.8z\"><\/path><\/svg>\t\t\t<\/span>\n\t\t\t\t\t\t\t\t\t<span class=\"elementor-button-text\">UNTERNEHMENSBROSCH\u00dcRE<\/span>\n\t\t\t\t\t<\/span>\n\t\t\t\t\t<\/a>\n\t\t\t\t<\/div>\n\t\t\t\t\t\t\t\t<\/div>\n\t\t\t\t<\/div>\n\t\t\t\t<div class=\"elementor-element elementor-element-76cdf1df elementor-align-left elementor-widget elementor-widget-button\" data-id=\"76cdf1df\" data-element_type=\"widget\" data-widget_type=\"button.default\">\n\t\t\t\t<div class=\"elementor-widget-container\">\n\t\t\t\t\t\t\t\t\t<div class=\"elementor-button-wrapper\">\n\t\t\t\t\t<a class=\"elementor-button elementor-button-link elementor-size-sm\" href=\"https:\/\/gsg-haustechnik.de\/wp\/?page_id=876\">\n\t\t\t\t\t\t<span class=\"elementor-button-content-wrapper\">\n\t\t\t\t\t\t\t\t\t<span class=\"elementor-button-text\">ANGEBOT ANFRAGEN<\/span>\n\t\t\t\t\t<\/span>\n\t\t\t\t\t<\/a>\n\t\t\t\t<\/div>\n\t\t\t\t\t\t\t\t<\/div>\n\t\t\t\t<\/div>\n\t\t\t\t<div class=\"elementor-element elementor-element-8d18818 elementor-widget elementor-widget-text-editor\" data-id=\"8d18818\" data-element_type=\"widget\" data-widget_type=\"text-editor.default\">\n\t\t\t\t<div class=\"elementor-widget-container\">\n\t\t\t\t\t\t\t\t\t<p><strong>REFERENZEN<\/strong><\/p><p>QUALIT\u00c4T und ERFAHRUNG zeichnen unser t\u00e4gliches Handwerk aus.<\/p>\t\t\t\t\t\t\t\t<\/div>\n\t\t\t\t<\/div>\n\t\t\t\t<div class=\"elementor-element elementor-element-2d1d9a5f elementor-align-left elementor-widget elementor-widget-button\" data-id=\"2d1d9a5f\" data-element_type=\"widget\" data-widget_type=\"button.default\">\n\t\t\t\t<div class=\"elementor-widget-container\">\n\t\t\t\t\t\t\t\t\t<div class=\"elementor-button-wrapper\">\n\t\t\t\t\t<a class=\"elementor-button elementor-button-link elementor-size-sm\" href=\"https:\/\/gsg-haustechnik.de\/wp\/?page_id=853\">\n\t\t\t\t\t\t<span class=\"elementor-button-content-wrapper\">\n\t\t\t\t\t\t\t\t\t<span class=\"elementor-button-text\">REFERENZEN ANSEHEN<\/span>\n\t\t\t\t\t<\/span>\n\t\t\t\t\t<\/a>\n\t\t\t\t<\/div>\n\t\t\t\t\t\t\t\t<\/div>\n\t\t\t\t<\/div>\n\t\t\t\t<\/div>\n\t\t\t\t<\/div>\n\t\t\t\t\t<\/div>\n\t\t\t\t<\/div>\n\t\t\t\t<\/div>\n\t\t","protected":false},"excerpt":{"rendered":"<p>KLIMA \/ L\u00dcFTUNG Prima KLIMA in allen R\u00e4umen Wir sorgen f\u00fcr bestes Klima! Weitere Leistungen Prima KLIMA in allen R\u00e4umen Planung, Beratung sowie Einbau von Klima- und L\u00fcftungsanlagen in Wohn- und B\u00fcrogeb\u00e4uden, Lagerhallen und \u00c4hnlichem Prima KLIMA in allen R\u00e4umen Die Klimatisierung spielt eine fundamentale Rolle f\u00fcr das Wohlbefinden zu Hause oder bei der Arbeit. [&hellip;]<\/p>\n","protected":false},"author":1,"featured_media":0,"parent":0,"menu_order":0,"comment_status":"closed","ping_status":"closed","template":"elementor_header_footer","meta":{"footnotes":""},"class_list":["post-610","page","type-page","status-publish","hentry"],"_links":{"self":[{"href":"https:\/\/gsg-haustechnik.de\/wp\/index.php?rest_route=\/wp\/v2\/pages\/610","targetHints":{"allow":["GET"]}}],"collection":[{"href":"https:\/\/gsg-haustechnik.de\/wp\/index.php?rest_route=\/wp\/v2\/pages"}],"about":[{"href":"https:\/\/gsg-haustechnik.de\/wp\/index.php?rest_route=\/wp\/v2\/types\/page"}],"author":[{"embeddable":true,"href":"https:\/\/gsg-haustechnik.de\/wp\/index.php?rest_route=\/wp\/v2\/users\/1"}],"replies":[{"embeddable":true,"href":"https:\/\/gsg-haustechnik.de\/wp\/index.php?rest_route=%2Fwp%2Fv2%2Fcomments&post=610"}],"version-history":[{"count":34,"href":"https:\/\/gsg-haustechnik.de\/wp\/index.php?rest_route=\/wp\/v2\/pages\/610\/revisions"}],"predecessor-version":[{"id":1534,"href":"https:\/\/gsg-haustechnik.de\/wp\/index.php?rest_route=\/wp\/v2\/pages\/610\/revisions\/1534"}],"wp:attachment":[{"href":"https:\/\/gsg-haustechnik.de\/wp\/index.php?rest_route=%2Fwp%2Fv2%2Fmedia&parent=610"}],"curies":[{"name":"wp","href":"https:\/\/api.w.org\/{rel}","templated":true}]}}