{"id":612,"date":"2024-09-12T07:29:36","date_gmt":"2024-09-12T07:29:36","guid":{"rendered":"https:\/\/gsg-haustechnik.de\/wp\/?page_id=612"},"modified":"2025-06-04T10:20:46","modified_gmt":"2025-06-04T10:20:46","slug":"service-reparatur","status":"publish","type":"page","link":"https:\/\/gsg-haustechnik.de\/wp\/?page_id=612","title":{"rendered":"SERVICE\/REPARATUR"},"content":{"rendered":"\t\t<div data-elementor-type=\"wp-page\" data-elementor-id=\"612\" class=\"elementor elementor-612\" data-elementor-post-type=\"page\">\n\t\t\t\t<div class=\"elementor-element elementor-element-7235b5c9 e-flex e-con-boxed e-con e-parent\" data-id=\"7235b5c9\" data-element_type=\"container\" data-settings=\"{&quot;background_background&quot;:&quot;slideshow&quot;,&quot;background_slideshow_gallery&quot;:[{&quot;id&quot;:16,&quot;url&quot;:&quot;https:\\\/\\\/gsg-haustechnik.de\\\/wp\\\/wp-content\\\/uploads\\\/2024\\\/09\\\/Header_1280x200.jpg&quot;}],&quot;background_slideshow_loop&quot;:&quot;yes&quot;,&quot;background_slideshow_slide_duration&quot;:5000,&quot;background_slideshow_slide_transition&quot;:&quot;fade&quot;,&quot;background_slideshow_transition_duration&quot;:500}\">\n\t\t\t\t\t<div class=\"e-con-inner\">\n\t\t\t\t<div class=\"elementor-element elementor-element-5828f333 elementor-widget elementor-widget-heading\" data-id=\"5828f333\" data-element_type=\"widget\" data-widget_type=\"heading.default\">\n\t\t\t\t<div class=\"elementor-widget-container\">\n\t\t\t\t\t<h2 class=\"elementor-heading-title elementor-size-default\">WARTUNG \/ REPARATUR<\/h2>\t\t\t\t<\/div>\n\t\t\t\t<\/div>\n\t\t\t\t\t<\/div>\n\t\t\t\t<\/div>\n\t\t<div class=\"elementor-element elementor-element-435a3e8 e-flex e-con-boxed e-con e-parent\" data-id=\"435a3e8\" data-element_type=\"container\">\n\t\t\t\t\t<div class=\"e-con-inner\">\n\t\t<div class=\"elementor-element elementor-element-7943e445 e-grid e-con-full e-con e-child\" data-id=\"7943e445\" data-element_type=\"container\">\n\t\t\t\t<div class=\"elementor-element elementor-element-53424d94 elementor-tabs-view-vertical elementor-widget__width-initial elementor-widget elementor-widget-tabs\" data-id=\"53424d94\" data-element_type=\"widget\" data-widget_type=\"tabs.default\">\n\t\t\t\t<div class=\"elementor-widget-container\">\n\t\t\t\t\t\t\t<div class=\"elementor-tabs\">\n\t\t\t<div class=\"elementor-tabs-wrapper\" role=\"tablist\" >\n\t\t\t\t\t\t\t\t\t<div id=\"elementor-tab-title-1391\" class=\"elementor-tab-title elementor-tab-desktop-title\" aria-selected=\"true\" data-tab=\"1\" role=\"tab\" tabindex=\"0\" aria-controls=\"elementor-tab-content-1391\" aria-expanded=\"false\">Allgemeines<\/div>\n\t\t\t\t\t\t\t\t\t<div id=\"elementor-tab-title-1392\" class=\"elementor-tab-title elementor-tab-desktop-title\" aria-selected=\"false\" data-tab=\"2\" role=\"tab\" tabindex=\"-1\" aria-controls=\"elementor-tab-content-1392\" aria-expanded=\"false\">Kundendienst und Wartung<\/div>\n\t\t\t\t\t\t\t<\/div>\n\t\t\t<div class=\"elementor-tabs-content-wrapper\" role=\"tablist\" aria-orientation=\"vertical\">\n\t\t\t\t\t\t\t\t\t<div class=\"elementor-tab-title elementor-tab-mobile-title\" aria-selected=\"true\" data-tab=\"1\" role=\"tab\" tabindex=\"0\" aria-controls=\"elementor-tab-content-1391\" aria-expanded=\"false\">Allgemeines<\/div>\n\t\t\t\t\t<div id=\"elementor-tab-content-1391\" class=\"elementor-tab-content elementor-clearfix\" data-tab=\"1\" role=\"tabpanel\" aria-labelledby=\"elementor-tab-title-1391\" tabindex=\"0\" hidden=\"false\"><p><span style=\"color: #808080;\">Wartung, Inspektion und Reparatur von Sanit\u00e4r- und Heizanlagen<\/span><br \/><span style=\"color: #808080;\">aller Art mit 24-Stunden-Service bieten Funktionssicherheit f\u00fcr unsere Kunden<\/span><\/p><\/div>\n\t\t\t\t\t\t\t\t\t<div class=\"elementor-tab-title elementor-tab-mobile-title\" aria-selected=\"false\" data-tab=\"2\" role=\"tab\" tabindex=\"-1\" aria-controls=\"elementor-tab-content-1392\" aria-expanded=\"false\">Kundendienst und Wartung<\/div>\n\t\t\t\t\t<div id=\"elementor-tab-content-1392\" class=\"elementor-tab-content elementor-clearfix\" data-tab=\"2\" role=\"tabpanel\" aria-labelledby=\"elementor-tab-title-1392\" tabindex=\"0\" hidden=\"hidden\">Seit vielen Jahren betreuen wir unsere Kunden im Bereich der St\u00f6rungsbehebung , Wartungen, Reparaturen und Einweisung der Ger\u00e4te und Steuerung. Somit k\u00f6nnen wir unseren Kunden eine zuverl\u00e4ssige Funktion Ihrer Heizungs-, Klima- und Sanit\u00e4ranlagen gew\u00e4hrleisten.\n<br><br>\nOb Ausfall Ihrer Heizung oder bei einer Undichtigkeit im Sanit\u00e4rbereich, \u00fcber unsere 24-Stunden \u2013Notfall Nummer sind wir f\u00fcr unsere Kunden immer erreichbar.\n<br><br>\nEine regelm\u00e4\u00dfige Wartung ist nicht teuer \u2013 aber verhindert Ausf\u00e4lle, gerade dann, wenn man sie \u00fcberhaupt nicht brauchen kann.\n<br><br>\n<b>Fragen Sie uns \u2013 wie beraten Sie gerne.<\/b><br><br>\n\n&#8211; St\u00f6rungsbehebung<br>\n&#8211; Wartungen<br>\n&#8211; Reparaturen<br>\n&#8211; Einweisung der Ger\u00e4te und Steuerung<br>\n&#8211; Ersatzteilservice<\/div>\n\t\t\t\t\t\t\t<\/div>\n\t\t<\/div>\n\t\t\t\t\t\t<\/div>\n\t\t\t\t<\/div>\n\t\t<div class=\"elementor-element elementor-element-4314acab e-con-full e-flex e-con e-child\" data-id=\"4314acab\" data-element_type=\"container\">\n\t\t\t\t<div class=\"elementor-element elementor-element-4dc6b537 elementor-widget elementor-widget-text-editor\" data-id=\"4dc6b537\" data-element_type=\"widget\" data-widget_type=\"text-editor.default\">\n\t\t\t\t<div class=\"elementor-widget-container\">\n\t\t\t\t\t\t\t\t\t<p><strong>WARTUNG\/REPARATUR<\/strong><\/p><p>Unser einzigartiger Wartungs-Service bietet unseren Kunden das Rundum-Sorglos-Paket. Die sichere und zuverl\u00e4ssige Funktion Ihrer Heizung, Klimaanlage oder Ihrer Sanit\u00e4ranlagen basiert auf der periodischen und fachgerechten Wartung durch unsere qualifizierten Mitarbeiter. Gerne unterbreiten wir Ihnen ein individuelles Angebot.<\/p><p><strong>UNSER SERVICE<\/strong><\/p>\t\t\t\t\t\t\t\t<\/div>\n\t\t\t\t<\/div>\n\t\t\t\t<div class=\"elementor-element elementor-element-54c884c2 elementor-align-left elementor-widget elementor-widget-button\" data-id=\"54c884c2\" data-element_type=\"widget\" data-widget_type=\"button.default\">\n\t\t\t\t<div class=\"elementor-widget-container\">\n\t\t\t\t\t\t\t\t\t<div class=\"elementor-button-wrapper\">\n\t\t\t\t\t<a class=\"elementor-button elementor-button-link elementor-size-sm\" href=\"https:\/\/gsg-haustechnik.de\/wp\/?page_id=665\">\n\t\t\t\t\t\t<span class=\"elementor-button-content-wrapper\">\n\t\t\t\t\t\t\t\t\t<span class=\"elementor-button-text\">WARTUNGSANFRAGE<\/span>\n\t\t\t\t\t<\/span>\n\t\t\t\t\t<\/a>\n\t\t\t\t<\/div>\n\t\t\t\t\t\t\t\t<\/div>\n\t\t\t\t<\/div>\n\t\t\t\t<div class=\"elementor-element elementor-element-4d67eaee elementor-align-left elementor-widget elementor-widget-button\" data-id=\"4d67eaee\" data-element_type=\"widget\" data-widget_type=\"button.default\">\n\t\t\t\t<div class=\"elementor-widget-container\">\n\t\t\t\t\t\t\t\t\t<div class=\"elementor-button-wrapper\">\n\t\t\t\t\t<a class=\"elementor-button elementor-button-link elementor-size-sm\" href=\"#\">\n\t\t\t\t\t\t<span class=\"elementor-button-content-wrapper\">\n\t\t\t\t\t\t\t\t\t<span class=\"elementor-button-text\">UNTERNEHMENSBROSCH\u00dcRE<\/span>\n\t\t\t\t\t<\/span>\n\t\t\t\t\t<\/a>\n\t\t\t\t<\/div>\n\t\t\t\t\t\t\t\t<\/div>\n\t\t\t\t<\/div>\n\t\t\t\t<div class=\"elementor-element elementor-element-2c0984b4 elementor-align-left elementor-widget elementor-widget-button\" data-id=\"2c0984b4\" data-element_type=\"widget\" data-widget_type=\"button.default\">\n\t\t\t\t<div class=\"elementor-widget-container\">\n\t\t\t\t\t\t\t\t\t<div class=\"elementor-button-wrapper\">\n\t\t\t\t\t<a class=\"elementor-button elementor-button-link elementor-size-sm\" href=\"https:\/\/gsg-haustechnik.de\/wp\/?page_id=876https:\/\/gsg-haustechnik.de\/wp\/?page_id=876\">\n\t\t\t\t\t\t<span class=\"elementor-button-content-wrapper\">\n\t\t\t\t\t\t\t\t\t<span class=\"elementor-button-text\">ANGEBOT ANFRAGEN<\/span>\n\t\t\t\t\t<\/span>\n\t\t\t\t\t<\/a>\n\t\t\t\t<\/div>\n\t\t\t\t\t\t\t\t<\/div>\n\t\t\t\t<\/div>\n\t\t\t\t<div class=\"elementor-element elementor-element-5724edd6 elementor-widget elementor-widget-text-editor\" data-id=\"5724edd6\" data-element_type=\"widget\" data-widget_type=\"text-editor.default\">\n\t\t\t\t<div class=\"elementor-widget-container\">\n\t\t\t\t\t\t\t\t\t<p><strong>REFERENZEN<\/strong><\/p><p>QUALIT\u00c4T und ERFAHRUNG zeichnen unser t\u00e4gliches Handwerk aus.<\/p>\t\t\t\t\t\t\t\t<\/div>\n\t\t\t\t<\/div>\n\t\t\t\t<div class=\"elementor-element elementor-element-ca603e elementor-align-left elementor-widget elementor-widget-button\" data-id=\"ca603e\" data-element_type=\"widget\" data-widget_type=\"button.default\">\n\t\t\t\t<div class=\"elementor-widget-container\">\n\t\t\t\t\t\t\t\t\t<div class=\"elementor-button-wrapper\">\n\t\t\t\t\t<a class=\"elementor-button elementor-button-link elementor-size-sm\" href=\"https:\/\/gsg-haustechnik.de\/wp\/?page_id=853\">\n\t\t\t\t\t\t<span class=\"elementor-button-content-wrapper\">\n\t\t\t\t\t\t\t\t\t<span class=\"elementor-button-text\">REFERENZEN ANSEHEN<\/span>\n\t\t\t\t\t<\/span>\n\t\t\t\t\t<\/a>\n\t\t\t\t<\/div>\n\t\t\t\t\t\t\t\t<\/div>\n\t\t\t\t<\/div>\n\t\t\t\t<\/div>\n\t\t\t\t<\/div>\n\t\t\t\t\t<\/div>\n\t\t\t\t<\/div>\n\t\t\t\t<\/div>\n\t\t","protected":false},"excerpt":{"rendered":"<p>WARTUNG \/ REPARATUR Allgemeines Kundendienst und Wartung Allgemeines Wartung, Inspektion und Reparatur von Sanit\u00e4r- und Heizanlagenaller Art mit 24-Stunden-Service bieten Funktionssicherheit f\u00fcr unsere Kunden Kundendienst und Wartung Seit vielen Jahren betreuen wir unsere Kunden im Bereich der St\u00f6rungsbehebung , Wartungen, Reparaturen und Einweisung der Ger\u00e4te und Steuerung. Somit k\u00f6nnen wir unseren Kunden eine zuverl\u00e4ssige Funktion [&hellip;]<\/p>\n","protected":false},"author":1,"featured_media":0,"parent":0,"menu_order":0,"comment_status":"closed","ping_status":"closed","template":"elementor_header_footer","meta":{"footnotes":""},"class_list":["post-612","page","type-page","status-publish","hentry"],"_links":{"self":[{"href":"https:\/\/gsg-haustechnik.de\/wp\/index.php?rest_route=\/wp\/v2\/pages\/612","targetHints":{"allow":["GET"]}}],"collection":[{"href":"https:\/\/gsg-haustechnik.de\/wp\/index.php?rest_route=\/wp\/v2\/pages"}],"about":[{"href":"https:\/\/gsg-haustechnik.de\/wp\/index.php?rest_route=\/wp\/v2\/types\/page"}],"author":[{"embeddable":true,"href":"https:\/\/gsg-haustechnik.de\/wp\/index.php?rest_route=\/wp\/v2\/users\/1"}],"replies":[{"embeddable":true,"href":"https:\/\/gsg-haustechnik.de\/wp\/index.php?rest_route=%2Fwp%2Fv2%2Fcomments&post=612"}],"version-history":[{"count":19,"href":"https:\/\/gsg-haustechnik.de\/wp\/index.php?rest_route=\/wp\/v2\/pages\/612\/revisions"}],"predecessor-version":[{"id":1540,"href":"https:\/\/gsg-haustechnik.de\/wp\/index.php?rest_route=\/wp\/v2\/pages\/612\/revisions\/1540"}],"wp:attachment":[{"href":"https:\/\/gsg-haustechnik.de\/wp\/index.php?rest_route=%2Fwp%2Fv2%2Fmedia&parent=612"}],"curies":[{"name":"wp","href":"https:\/\/api.w.org\/{rel}","templated":true}]}}