{"id":617,"date":"2024-09-12T07:32:07","date_gmt":"2024-09-12T07:32:07","guid":{"rendered":"https:\/\/gsg-haustechnik.de\/wp\/?page_id=617"},"modified":"2025-05-02T10:11:16","modified_gmt":"2025-05-02T10:11:16","slug":"ueber-uns","status":"publish","type":"page","link":"https:\/\/gsg-haustechnik.de\/wp\/?page_id=617","title":{"rendered":"DAS UNTERNEHMEN"},"content":{"rendered":"\t\t<div data-elementor-type=\"wp-page\" data-elementor-id=\"617\" class=\"elementor elementor-617\" data-elementor-post-type=\"page\">\n\t\t\t\t<div class=\"elementor-element elementor-element-ab80379 e-grid e-con-full e-con e-parent\" data-id=\"ab80379\" data-element_type=\"container\">\n\t\t\t\t<div class=\"elementor-element elementor-element-be17ca7 elementor-widget elementor-widget-heading\" data-id=\"be17ca7\" data-element_type=\"widget\" data-widget_type=\"heading.default\">\n\t\t\t\t<div class=\"elementor-widget-container\">\n\t\t\t\t\t<h2 class=\"elementor-heading-title elementor-size-default\">Das Unternehmen<\/h2>\t\t\t\t<\/div>\n\t\t\t\t<\/div>\n\t\t\t\t<\/div>\n\t\t<div class=\"elementor-element elementor-element-c231774 e-con-full e-flex e-con e-parent\" data-id=\"c231774\" data-element_type=\"container\">\n\t\t\t\t<div class=\"elementor-element elementor-element-d0295ec elementor-widget__width-initial elementor-widget elementor-widget-text-editor\" data-id=\"d0295ec\" data-element_type=\"widget\" data-widget_type=\"text-editor.default\">\n\t\t\t\t<div class=\"elementor-widget-container\">\n\t\t\t\t\t\t\t\t\t<p style=\"margin-bottom: 0.35cm;\">Die <b>GSG Haustechnik GmbH<\/b> ist ein familiengef\u00fchrter Handwerksbetrieb mit \u00fcber 20 kompetenten Mitarbeitern. Gegr\u00fcndet wurde das Unternehmen im Jahr 2008 von Giuseppe Signorino Gelo dem gesch\u00e4ftsf\u00fchrenden Gesellschafter und Koordinator der Mannschaft.<\/p><p>Tatkr\u00e4ftige und kompetente Unterst\u00fctzung bei der Koordination, Terminierung und Planung s\u00e4mtlicher betrieblichen Abl\u00e4ufe erh\u00e4lt er von seiner Tochter Sarah Signorino Gelo, die gleichzeitig die Leitung des B\u00fcros hat.<\/p>\t\t\t\t\t\t\t\t<\/div>\n\t\t\t\t<\/div>\n\t\t\t\t<div class=\"elementor-element elementor-element-d58e0d6 elementor-widget elementor-widget-image\" data-id=\"d58e0d6\" data-element_type=\"widget\" data-widget_type=\"image.default\">\n\t\t\t\t<div class=\"elementor-widget-container\">\n\t\t\t\t\t\t\t\t\t\t\t\t\t\t\t<img fetchpriority=\"high\" decoding=\"async\" width=\"2560\" height=\"1810\" src=\"https:\/\/gsg-haustechnik.de\/wp\/wp-content\/uploads\/2025\/05\/Bild_mit_neuen_Autos-scaled.jpg\" class=\"attachment-full size-full wp-image-1361\" alt=\"\" srcset=\"https:\/\/gsg-haustechnik.de\/wp\/wp-content\/uploads\/2025\/05\/Bild_mit_neuen_Autos-scaled.jpg 2560w, https:\/\/gsg-haustechnik.de\/wp\/wp-content\/uploads\/2025\/05\/Bild_mit_neuen_Autos-300x212.jpg 300w, https:\/\/gsg-haustechnik.de\/wp\/wp-content\/uploads\/2025\/05\/Bild_mit_neuen_Autos-1024x724.jpg 1024w, https:\/\/gsg-haustechnik.de\/wp\/wp-content\/uploads\/2025\/05\/Bild_mit_neuen_Autos-768x543.jpg 768w, https:\/\/gsg-haustechnik.de\/wp\/wp-content\/uploads\/2025\/05\/Bild_mit_neuen_Autos-1536x1086.jpg 1536w, https:\/\/gsg-haustechnik.de\/wp\/wp-content\/uploads\/2025\/05\/Bild_mit_neuen_Autos-2048x1448.jpg 2048w, https:\/\/gsg-haustechnik.de\/wp\/wp-content\/uploads\/2025\/05\/Bild_mit_neuen_Autos-1200x848.jpg 1200w, https:\/\/gsg-haustechnik.de\/wp\/wp-content\/uploads\/2025\/05\/Bild_mit_neuen_Autos-1980x1400.jpg 1980w\" sizes=\"(max-width: 2560px) 100vw, 2560px\" \/>\t\t\t\t\t\t\t\t\t\t\t\t\t\t\t<\/div>\n\t\t\t\t<\/div>\n\t\t\t\t<\/div>\n\t\t<div class=\"elementor-element elementor-element-d6d00ff e-con-full e-flex e-con e-parent\" data-id=\"d6d00ff\" data-element_type=\"container\">\n\t\t\t\t<div class=\"elementor-element elementor-element-945b311 elementor-widget__width-initial elementor-widget elementor-widget-image\" data-id=\"945b311\" data-element_type=\"widget\" data-widget_type=\"image.default\">\n\t\t\t\t<div class=\"elementor-widget-container\">\n\t\t\t\t\t\t\t\t\t\t\t\t\t\t\t<img decoding=\"async\" width=\"2188\" height=\"1640\" src=\"https:\/\/gsg-haustechnik.de\/wp\/wp-content\/uploads\/2024\/10\/Lager_Composing.jpg\" class=\"attachment-full size-full wp-image-1294\" alt=\"\" srcset=\"https:\/\/gsg-haustechnik.de\/wp\/wp-content\/uploads\/2024\/10\/Lager_Composing.jpg 2188w, https:\/\/gsg-haustechnik.de\/wp\/wp-content\/uploads\/2024\/10\/Lager_Composing-300x225.jpg 300w, https:\/\/gsg-haustechnik.de\/wp\/wp-content\/uploads\/2024\/10\/Lager_Composing-1024x768.jpg 1024w, https:\/\/gsg-haustechnik.de\/wp\/wp-content\/uploads\/2024\/10\/Lager_Composing-768x576.jpg 768w, https:\/\/gsg-haustechnik.de\/wp\/wp-content\/uploads\/2024\/10\/Lager_Composing-1536x1151.jpg 1536w, https:\/\/gsg-haustechnik.de\/wp\/wp-content\/uploads\/2024\/10\/Lager_Composing-2048x1535.jpg 2048w, https:\/\/gsg-haustechnik.de\/wp\/wp-content\/uploads\/2024\/10\/Lager_Composing-1200x899.jpg 1200w, https:\/\/gsg-haustechnik.de\/wp\/wp-content\/uploads\/2024\/10\/Lager_Composing-1980x1484.jpg 1980w\" sizes=\"(max-width: 2188px) 100vw, 2188px\" \/>\t\t\t\t\t\t\t\t\t\t\t\t\t\t\t<\/div>\n\t\t\t\t<\/div>\n\t\t\t\t<div class=\"elementor-element elementor-element-47297a7 elementor-widget__width-initial elementor-widget elementor-widget-text-editor\" data-id=\"47297a7\" data-element_type=\"widget\" data-widget_type=\"text-editor.default\">\n\t\t\t\t<div class=\"elementor-widget-container\">\n\t\t\t\t\t\t\t\t\t<p style=\"margin-bottom: 0.35cm;\">Bis Anfang  2023 befand sich der Sitz der Gesellschaft in Riemerling bei Ottobrunn. Durch die st\u00e4ndiger Erweiterung und Expansion sowie der Einstellung von weiteren Mitarbeitern wurde ein neues Gesch\u00e4ftsgeb\u00e4ude entsprechend den neuen Anforderungen ausgebaut und der Gesch\u00e4ftssitz nach Hofolding\/Brunnthal verlegt. Dieser neue Standort bietet ausreichend Platz f\u00fcr die \u00fcber 15 Monteurfahrzeuge und verf\u00fcgt \u00fcber ein eigenes gro\u00dfes Lager welches \u00fcber einen gro\u00dfen Bestand an Elektro- und Installationsmaterial bietet. Dadurch werden unn\u00f6tige \u201eBeschaffungsfahrten\u201c vermieden und spart dem Kunden somit Zeit und Geld.  \n\t\t\t\t\t\t\t\t<\/div>\n\t\t\t\t<\/div>\n\t\t\t\t<\/div>\n\t\t<div class=\"elementor-element elementor-element-b77be61 e-con-full e-flex e-con e-parent\" data-id=\"b77be61\" data-element_type=\"container\">\n\t\t\t\t<\/div>\n\t\t\t\t<\/div>\n\t\t","protected":false},"excerpt":{"rendered":"<p>Das Unternehmen Die GSG Haustechnik GmbH ist ein familiengef\u00fchrter Handwerksbetrieb mit \u00fcber 20 kompetenten Mitarbeitern. Gegr\u00fcndet wurde das Unternehmen im Jahr 2008 von Giuseppe Signorino Gelo dem gesch\u00e4ftsf\u00fchrenden Gesellschafter und Koordinator der Mannschaft. Tatkr\u00e4ftige und kompetente Unterst\u00fctzung bei der Koordination, Terminierung und Planung s\u00e4mtlicher betrieblichen Abl\u00e4ufe erh\u00e4lt er von seiner Tochter Sarah Signorino Gelo, die [&hellip;]<\/p>\n","protected":false},"author":1,"featured_media":0,"parent":0,"menu_order":0,"comment_status":"closed","ping_status":"closed","template":"elementor_header_footer","meta":{"footnotes":""},"class_list":["post-617","page","type-page","status-publish","hentry"],"_links":{"self":[{"href":"https:\/\/gsg-haustechnik.de\/wp\/index.php?rest_route=\/wp\/v2\/pages\/617","targetHints":{"allow":["GET"]}}],"collection":[{"href":"https:\/\/gsg-haustechnik.de\/wp\/index.php?rest_route=\/wp\/v2\/pages"}],"about":[{"href":"https:\/\/gsg-haustechnik.de\/wp\/index.php?rest_route=\/wp\/v2\/types\/page"}],"author":[{"embeddable":true,"href":"https:\/\/gsg-haustechnik.de\/wp\/index.php?rest_route=\/wp\/v2\/users\/1"}],"replies":[{"embeddable":true,"href":"https:\/\/gsg-haustechnik.de\/wp\/index.php?rest_route=%2Fwp%2Fv2%2Fcomments&post=617"}],"version-history":[{"count":65,"href":"https:\/\/gsg-haustechnik.de\/wp\/index.php?rest_route=\/wp\/v2\/pages\/617\/revisions"}],"predecessor-version":[{"id":1365,"href":"https:\/\/gsg-haustechnik.de\/wp\/index.php?rest_route=\/wp\/v2\/pages\/617\/revisions\/1365"}],"wp:attachment":[{"href":"https:\/\/gsg-haustechnik.de\/wp\/index.php?rest_route=%2Fwp%2Fv2%2Fmedia&parent=617"}],"curies":[{"name":"wp","href":"https:\/\/api.w.org\/{rel}","templated":true}]}}