{"id":623,"date":"2024-09-12T07:53:00","date_gmt":"2024-09-12T07:53:00","guid":{"rendered":"https:\/\/gsg-haustechnik.de\/wp\/?page_id=623"},"modified":"2025-05-13T07:56:50","modified_gmt":"2025-05-13T07:56:50","slug":"das-team","status":"publish","type":"page","link":"https:\/\/gsg-haustechnik.de\/wp\/?page_id=623","title":{"rendered":"DAS TEAM"},"content":{"rendered":"\t\t<div data-elementor-type=\"wp-page\" data-elementor-id=\"623\" class=\"elementor elementor-623\" data-elementor-post-type=\"page\">\n\t\t\t\t<div class=\"elementor-element elementor-element-4b9c022 e-grid e-con-boxed e-con e-parent\" data-id=\"4b9c022\" data-element_type=\"container\">\n\t\t\t\t\t<div class=\"e-con-inner\">\n\t\t\t\t<div class=\"elementor-element elementor-element-2a3e8d5e elementor-widget elementor-widget-heading\" data-id=\"2a3e8d5e\" data-element_type=\"widget\" data-widget_type=\"heading.default\">\n\t\t\t\t<div class=\"elementor-widget-container\">\n\t\t\t\t\t<h2 class=\"elementor-heading-title elementor-size-default\">Das Team<\/h2>\t\t\t\t<\/div>\n\t\t\t\t<\/div>\n\t\t\t\t<div class=\"elementor-element elementor-element-348b2ee elementor-widget elementor-widget-text-editor\" data-id=\"348b2ee\" data-element_type=\"widget\" data-widget_type=\"text-editor.default\">\n\t\t\t\t<div class=\"elementor-widget-container\">\n\t\t\t\t\t\t\t\t\t<p>Das Unternehmen besch\u00e4ftigt derzeit insgesamt inkl. Gesch\u00e4ftsleitung 20 Mitarbeiter.<\/p><p>Neben drei Mitarbeitern bestehend aus Gesch\u00e4ftsleitung und B\u00fcroangestellten, arbeiten 15 produzierende und bestausgebildete Mitarbeiter und 3 Auszubildende \u201eim Auftrag der Kunden\u201c. Alle Mitarbeiter Spezialisten, die je nach Art und Umfang des Auftrages eingesetzt werden.<\/p>\t\t\t\t\t\t\t\t<\/div>\n\t\t\t\t<\/div>\n\t\t\t\t\t<\/div>\n\t\t\t\t<\/div>\n\t\t<div class=\"elementor-element elementor-element-a04e172 e-grid e-con-boxed e-con e-parent\" data-id=\"a04e172\" data-element_type=\"container\">\n\t\t\t\t\t<div class=\"e-con-inner\">\n\t\t<div class=\"elementor-element elementor-element-0e31894 e-grid e-con-full e-con e-child\" data-id=\"0e31894\" data-element_type=\"container\">\n\t\t\t\t<div class=\"elementor-element elementor-element-e6d92ff elementor-widget elementor-widget-text-editor\" data-id=\"e6d92ff\" data-element_type=\"widget\" data-widget_type=\"text-editor.default\">\n\t\t\t\t<div class=\"elementor-widget-container\">\n\t\t\t\t\t\t\t\t\t<p style=\"text-align: center;\"><span style=\"font-size: x-large;\"><b>Gesch\u00e4ftsleitung<br \/><\/b><\/span><\/p>\t\t\t\t\t\t\t\t<\/div>\n\t\t\t\t<\/div>\n\t\t\t\t<\/div>\n\t\t\t\t\t<\/div>\n\t\t\t\t<\/div>\n\t\t<div class=\"elementor-element elementor-element-5bc03af1 e-con-full e-grid e-con e-parent\" data-id=\"5bc03af1\" data-element_type=\"container\">\n\t\t\t\t<div class=\"elementor-element elementor-element-90917d2 elementor-position-top elementor-widget elementor-widget-image-box\" data-id=\"90917d2\" data-element_type=\"widget\" data-widget_type=\"image-box.default\">\n\t\t\t\t<div class=\"elementor-widget-container\">\n\t\t\t\t\t<div class=\"elementor-image-box-wrapper\"><figure class=\"elementor-image-box-img\"><img fetchpriority=\"high\" decoding=\"async\" width=\"1998\" height=\"2264\" src=\"https:\/\/gsg-haustechnik.de\/wp\/wp-content\/uploads\/2025\/05\/Seppi.jpg\" class=\"attachment-full size-full wp-image-1382\" alt=\"\" srcset=\"https:\/\/gsg-haustechnik.de\/wp\/wp-content\/uploads\/2025\/05\/Seppi.jpg 1998w, https:\/\/gsg-haustechnik.de\/wp\/wp-content\/uploads\/2025\/05\/Seppi-265x300.jpg 265w, https:\/\/gsg-haustechnik.de\/wp\/wp-content\/uploads\/2025\/05\/Seppi-904x1024.jpg 904w, https:\/\/gsg-haustechnik.de\/wp\/wp-content\/uploads\/2025\/05\/Seppi-768x870.jpg 768w, https:\/\/gsg-haustechnik.de\/wp\/wp-content\/uploads\/2025\/05\/Seppi-1356x1536.jpg 1356w, https:\/\/gsg-haustechnik.de\/wp\/wp-content\/uploads\/2025\/05\/Seppi-1807x2048.jpg 1807w, https:\/\/gsg-haustechnik.de\/wp\/wp-content\/uploads\/2025\/05\/Seppi-1200x1360.jpg 1200w, https:\/\/gsg-haustechnik.de\/wp\/wp-content\/uploads\/2025\/05\/Seppi-1980x2244.jpg 1980w\" sizes=\"(max-width: 1998px) 100vw, 1998px\" \/><\/figure><div class=\"elementor-image-box-content\"><h3 class=\"elementor-image-box-title\">Giuseppe Signorino Gelo<\/h3><p class=\"elementor-image-box-description\">Gesch\u00e4ftsf\u00fchrender Gesellschafter <br>\nT\u00e4tigkeitsfeld: Kundenkontakt, Planung und Beratung<br>Projektleitung und \u00dcberwachung,<br> Einteilung des Kundendienstes \n<\/p><\/div><\/div>\t\t\t\t<\/div>\n\t\t\t\t<\/div>\n\t\t\t\t<div class=\"elementor-element elementor-element-9c3575f elementor-widget elementor-widget-text-editor\" data-id=\"9c3575f\" data-element_type=\"widget\" data-widget_type=\"text-editor.default\">\n\t\t\t\t<div class=\"elementor-widget-container\">\n\t\t\t\t\t\t\t\t\t<p style=\"text-align: center;\"><span style=\"font-size: x-large;\"><b>Verwaltung \/ Administration<br \/><\/b><\/span><\/p>\t\t\t\t\t\t\t\t<\/div>\n\t\t\t\t<\/div>\n\t\t\t\t<\/div>\n\t\t<div class=\"elementor-element elementor-element-ea31123 e-con-full e-grid e-con e-parent\" data-id=\"ea31123\" data-element_type=\"container\">\n\t\t\t\t<div class=\"elementor-element elementor-element-49ad9c1 elementor-position-top elementor-widget elementor-widget-image-box\" data-id=\"49ad9c1\" data-element_type=\"widget\" data-widget_type=\"image-box.default\">\n\t\t\t\t<div class=\"elementor-widget-container\">\n\t\t\t\t\t<div class=\"elementor-image-box-wrapper\"><figure class=\"elementor-image-box-img\"><img decoding=\"async\" width=\"1998\" height=\"2264\" src=\"https:\/\/gsg-haustechnik.de\/wp\/wp-content\/uploads\/2025\/05\/Sarah.jpg\" class=\"attachment-full size-full wp-image-1381\" alt=\"\" srcset=\"https:\/\/gsg-haustechnik.de\/wp\/wp-content\/uploads\/2025\/05\/Sarah.jpg 1998w, https:\/\/gsg-haustechnik.de\/wp\/wp-content\/uploads\/2025\/05\/Sarah-265x300.jpg 265w, https:\/\/gsg-haustechnik.de\/wp\/wp-content\/uploads\/2025\/05\/Sarah-904x1024.jpg 904w, https:\/\/gsg-haustechnik.de\/wp\/wp-content\/uploads\/2025\/05\/Sarah-768x870.jpg 768w, https:\/\/gsg-haustechnik.de\/wp\/wp-content\/uploads\/2025\/05\/Sarah-1356x1536.jpg 1356w, https:\/\/gsg-haustechnik.de\/wp\/wp-content\/uploads\/2025\/05\/Sarah-1807x2048.jpg 1807w, https:\/\/gsg-haustechnik.de\/wp\/wp-content\/uploads\/2025\/05\/Sarah-1200x1360.jpg 1200w, https:\/\/gsg-haustechnik.de\/wp\/wp-content\/uploads\/2025\/05\/Sarah-1980x2244.jpg 1980w\" sizes=\"(max-width: 1998px) 100vw, 1998px\" \/><\/figure><div class=\"elementor-image-box-content\"><h3 class=\"elementor-image-box-title\">Sarah Signorino Gelo<\/h3><p class=\"elementor-image-box-description\">Im Betrieb seit:\t\t2015<br>\nFunktion im Betrieb: \tAssistentin der Gesch\u00e4ftsleitung<br>\nT\u00e4tigkeitsfeld: Kaufm\u00e4nnische Leitung,  Personalwesen, <br>interne Kommunikation, Buchhaltung<\/p><\/div><\/div>\t\t\t\t<\/div>\n\t\t\t\t<\/div>\n\t\t\t\t<div class=\"elementor-element elementor-element-d13a31e elementor-position-top elementor-widget elementor-widget-image-box\" data-id=\"d13a31e\" data-element_type=\"widget\" data-widget_type=\"image-box.default\">\n\t\t\t\t<div class=\"elementor-widget-container\">\n\t\t\t\t\t<div class=\"elementor-image-box-wrapper\"><figure class=\"elementor-image-box-img\"><img decoding=\"async\" width=\"2022\" height=\"2244\" src=\"https:\/\/gsg-haustechnik.de\/wp\/wp-content\/uploads\/2025\/05\/Petra_1_bearbeitet.jpg\" class=\"attachment-full size-full wp-image-1432\" alt=\"\" srcset=\"https:\/\/gsg-haustechnik.de\/wp\/wp-content\/uploads\/2025\/05\/Petra_1_bearbeitet.jpg 2022w, https:\/\/gsg-haustechnik.de\/wp\/wp-content\/uploads\/2025\/05\/Petra_1_bearbeitet-270x300.jpg 270w, https:\/\/gsg-haustechnik.de\/wp\/wp-content\/uploads\/2025\/05\/Petra_1_bearbeitet-923x1024.jpg 923w, https:\/\/gsg-haustechnik.de\/wp\/wp-content\/uploads\/2025\/05\/Petra_1_bearbeitet-768x852.jpg 768w, https:\/\/gsg-haustechnik.de\/wp\/wp-content\/uploads\/2025\/05\/Petra_1_bearbeitet-1384x1536.jpg 1384w, https:\/\/gsg-haustechnik.de\/wp\/wp-content\/uploads\/2025\/05\/Petra_1_bearbeitet-1845x2048.jpg 1845w, https:\/\/gsg-haustechnik.de\/wp\/wp-content\/uploads\/2025\/05\/Petra_1_bearbeitet-1200x1332.jpg 1200w, https:\/\/gsg-haustechnik.de\/wp\/wp-content\/uploads\/2025\/05\/Petra_1_bearbeitet-1980x2197.jpg 1980w\" sizes=\"(max-width: 2022px) 100vw, 2022px\" \/><\/figure><div class=\"elementor-image-box-content\"><h3 class=\"elementor-image-box-title\">Petra Vogt<\/h3><p class=\"elementor-image-box-description\">Im Betrieb seit: 2023<br>\nFunktion im Betrieb: Verwaltung<br>\nT\u00e4tigkeitsfeld: Kundendienst-Disposition, <br>Projekt\u00fcberwachung, interne Kommunikation<\/p><\/div><\/div>\t\t\t\t<\/div>\n\t\t\t\t<\/div>\n\t\t\t\t<\/div>\n\t\t<div class=\"elementor-element elementor-element-06b7acb e-grid e-con-boxed e-con e-parent\" data-id=\"06b7acb\" data-element_type=\"container\">\n\t\t\t\t\t<div class=\"e-con-inner\">\n\t\t\t\t<div class=\"elementor-element elementor-element-51456ce elementor-widget elementor-widget-text-editor\" data-id=\"51456ce\" data-element_type=\"widget\" data-widget_type=\"text-editor.default\">\n\t\t\t\t<div class=\"elementor-widget-container\">\n\t\t\t\t\t\t\t\t\t<p style=\"text-align: center;\"><span style=\"font-size: x-large;\"><b>Unser TEAM<br \/><\/b><\/span><\/p>\t\t\t\t\t\t\t\t<\/div>\n\t\t\t\t<\/div>\n\t\t\t\t<div class=\"elementor-element elementor-element-320bfcc elementor-widget elementor-widget-image\" data-id=\"320bfcc\" data-element_type=\"widget\" data-widget_type=\"image.default\">\n\t\t\t\t<div class=\"elementor-widget-container\">\n\t\t\t\t\t\t\t\t\t\t\t\t\t\t\t<img loading=\"lazy\" decoding=\"async\" width=\"580\" height=\"343\" src=\"https:\/\/gsg-haustechnik.de\/wp\/wp-content\/uploads\/2024\/10\/Platzhalter-Team-1024x605.jpg\" class=\"attachment-large size-large wp-image-1318\" alt=\"\" srcset=\"https:\/\/gsg-haustechnik.de\/wp\/wp-content\/uploads\/2024\/10\/Platzhalter-Team-1024x605.jpg 1024w, https:\/\/gsg-haustechnik.de\/wp\/wp-content\/uploads\/2024\/10\/Platzhalter-Team-300x177.jpg 300w, https:\/\/gsg-haustechnik.de\/wp\/wp-content\/uploads\/2024\/10\/Platzhalter-Team-768x454.jpg 768w, https:\/\/gsg-haustechnik.de\/wp\/wp-content\/uploads\/2024\/10\/Platzhalter-Team-1536x908.jpg 1536w, https:\/\/gsg-haustechnik.de\/wp\/wp-content\/uploads\/2024\/10\/Platzhalter-Team-2048x1210.jpg 2048w, https:\/\/gsg-haustechnik.de\/wp\/wp-content\/uploads\/2024\/10\/Platzhalter-Team-1200x709.jpg 1200w, https:\/\/gsg-haustechnik.de\/wp\/wp-content\/uploads\/2024\/10\/Platzhalter-Team-1980x1170.jpg 1980w\" sizes=\"(max-width: 580px) 100vw, 580px\" \/>\t\t\t\t\t\t\t\t\t\t\t\t\t\t\t<\/div>\n\t\t\t\t<\/div>\n\t\t\t\t\t<\/div>\n\t\t\t\t<\/div>\n\t\t<div class=\"elementor-element elementor-element-747751a e-grid e-con-boxed e-con e-parent\" data-id=\"747751a\" data-element_type=\"container\">\n\t\t\t\t\t<div class=\"e-con-inner\">\n\t\t\t\t\t<\/div>\n\t\t\t\t<\/div>\n\t\t\t\t<\/div>\n\t\t","protected":false},"excerpt":{"rendered":"<p>Das Team Das Unternehmen besch\u00e4ftigt derzeit insgesamt inkl. Gesch\u00e4ftsleitung 20 Mitarbeiter. Neben drei Mitarbeitern bestehend aus Gesch\u00e4ftsleitung und B\u00fcroangestellten, arbeiten 15 produzierende und bestausgebildete Mitarbeiter und 3 Auszubildende \u201eim Auftrag der Kunden\u201c. Alle Mitarbeiter Spezialisten, die je nach Art und Umfang des Auftrages eingesetzt werden. Gesch\u00e4ftsleitung Giuseppe Signorino Gelo Gesch\u00e4ftsf\u00fchrender Gesellschafter T\u00e4tigkeitsfeld: Kundenkontakt, Planung und [&hellip;]<\/p>\n","protected":false},"author":1,"featured_media":0,"parent":0,"menu_order":0,"comment_status":"closed","ping_status":"closed","template":"elementor_header_footer","meta":{"footnotes":""},"class_list":["post-623","page","type-page","status-publish","hentry"],"_links":{"self":[{"href":"https:\/\/gsg-haustechnik.de\/wp\/index.php?rest_route=\/wp\/v2\/pages\/623","targetHints":{"allow":["GET"]}}],"collection":[{"href":"https:\/\/gsg-haustechnik.de\/wp\/index.php?rest_route=\/wp\/v2\/pages"}],"about":[{"href":"https:\/\/gsg-haustechnik.de\/wp\/index.php?rest_route=\/wp\/v2\/types\/page"}],"author":[{"embeddable":true,"href":"https:\/\/gsg-haustechnik.de\/wp\/index.php?rest_route=\/wp\/v2\/users\/1"}],"replies":[{"embeddable":true,"href":"https:\/\/gsg-haustechnik.de\/wp\/index.php?rest_route=%2Fwp%2Fv2%2Fcomments&post=623"}],"version-history":[{"count":49,"href":"https:\/\/gsg-haustechnik.de\/wp\/index.php?rest_route=\/wp\/v2\/pages\/623\/revisions"}],"predecessor-version":[{"id":1435,"href":"https:\/\/gsg-haustechnik.de\/wp\/index.php?rest_route=\/wp\/v2\/pages\/623\/revisions\/1435"}],"wp:attachment":[{"href":"https:\/\/gsg-haustechnik.de\/wp\/index.php?rest_route=%2Fwp%2Fv2%2Fmedia&parent=623"}],"curies":[{"name":"wp","href":"https:\/\/api.w.org\/{rel}","templated":true}]}}