{"id":874,"date":"2024-09-17T05:08:47","date_gmt":"2024-09-17T05:08:47","guid":{"rendered":"https:\/\/gsg-haustechnik.de\/wp\/?page_id=874"},"modified":"2025-10-08T04:43:10","modified_gmt":"2025-10-08T04:43:10","slug":"terminanfrage","status":"publish","type":"page","link":"https:\/\/gsg-haustechnik.de\/wp\/?page_id=874","title":{"rendered":"TERMIN"},"content":{"rendered":"\t\t<div data-elementor-type=\"wp-page\" data-elementor-id=\"874\" class=\"elementor elementor-874\" data-elementor-post-type=\"page\">\n\t\t\t\t<div class=\"elementor-element elementor-element-ad95e1a e-flex e-con-boxed e-con e-parent\" data-id=\"ad95e1a\" data-element_type=\"container\">\n\t\t\t\t\t<div class=\"e-con-inner\">\n\t\t\t\t<div class=\"elementor-element elementor-element-fd2da81 elementor-widget elementor-widget-text-editor\" data-id=\"fd2da81\" data-element_type=\"widget\" data-widget_type=\"text-editor.default\">\n\t\t\t\t<div class=\"elementor-widget-container\">\n\t\t\t\t\t\t\t\t\t<h4>Terminanfrage<\/h4><p>Sie haben noch Fragen. In einem pers\u00f6nlichen Gespr\u00e4ch k\u00f6nnen wir L\u00f6sungen f\u00fcr Ihre W\u00fcnsche und Anliegen finden. <br \/>F\u00fcllen Sie das u.a. Formular vollst\u00e4ndig aus mit einem Terminvorschl\u00e4gen (Datum und Uhrzeit) Ihrereseits und wir setzen uns dann schriftlich oder telefonisch mit Ihnen in verbindung um den Termin zu best\u00e4tigen oder Alternativvorschl\u00e4ge unsererseits zu unterbreiten.<\/p>\t\t\t\t\t\t\t\t<\/div>\n\t\t\t\t<\/div>\n\t\t\t\t<div class=\"elementor-element elementor-element-66e2ce2 elementor-button-align-stretch elementor-widget elementor-widget-form\" data-id=\"66e2ce2\" data-element_type=\"widget\" data-settings=\"{&quot;step_next_label&quot;:&quot;N\\u00e4chster&quot;,&quot;step_previous_label&quot;:&quot;Voriger&quot;,&quot;button_width&quot;:&quot;100&quot;,&quot;step_type&quot;:&quot;number_text&quot;,&quot;step_icon_shape&quot;:&quot;circle&quot;}\" data-widget_type=\"form.default\">\n\t\t\t\t<div class=\"elementor-widget-container\">\n\t\t\t\t\t\t\t<form class=\"elementor-form\" method=\"post\" name=\"Neues Formular\">\n\t\t\t<input type=\"hidden\" name=\"post_id\" value=\"874\"\/>\n\t\t\t<input type=\"hidden\" name=\"form_id\" value=\"66e2ce2\"\/>\n\t\t\t<input type=\"hidden\" name=\"referer_title\" value=\"TERMIN\" \/>\n\n\t\t\t\t\t\t\t<input type=\"hidden\" name=\"queried_id\" value=\"874\"\/>\n\t\t\t\n\t\t\t<div class=\"elementor-form-fields-wrapper elementor-labels-above\">\n\t\t\t\t\t\t\t\t<div class=\"elementor-field-type-checkbox elementor-field-group elementor-column elementor-field-group-field_1f30ff3 elementor-col-100\">\n\t\t\t\t\t\t\t\t\t\t\t\t<label for=\"form-field-field_1f30ff3\" class=\"elementor-field-label\">\n\t\t\t\t\t\t\t\tZu welchem Thema be\u00f6tigen Sie einen Termin?\t\t\t\t\t\t\t<\/label>\n\t\t\t\t\t\t<div class=\"elementor-field-subgroup  \"><span class=\"elementor-field-option\"><input type=\"checkbox\" value=\"Heizung\" id=\"form-field-field_1f30ff3-0\" name=\"form_fields[field_1f30ff3][]\"> <label for=\"form-field-field_1f30ff3-0\">Heizung<\/label><\/span><span class=\"elementor-field-option\"><input type=\"checkbox\" value=\"Bad\/Sanit\u00e4r\" id=\"form-field-field_1f30ff3-1\" name=\"form_fields[field_1f30ff3][]\"> <label for=\"form-field-field_1f30ff3-1\">Bad\/Sanit\u00e4r<\/label><\/span><span class=\"elementor-field-option\"><input type=\"checkbox\" value=\"Elektro\" id=\"form-field-field_1f30ff3-2\" name=\"form_fields[field_1f30ff3][]\"> <label for=\"form-field-field_1f30ff3-2\">Elektro<\/label><\/span><span class=\"elementor-field-option\"><input type=\"checkbox\" value=\"Klima\/L\u00fcftung\" id=\"form-field-field_1f30ff3-3\" name=\"form_fields[field_1f30ff3][]\"> <label for=\"form-field-field_1f30ff3-3\">Klima\/L\u00fcftung<\/label><\/span><span class=\"elementor-field-option\"><input type=\"checkbox\" value=\"Wartung\" id=\"form-field-field_1f30ff3-4\" name=\"form_fields[field_1f30ff3][]\"> <label for=\"form-field-field_1f30ff3-4\">Wartung<\/label><\/span><span class=\"elementor-field-option\"><input type=\"checkbox\" value=\"Sonstiges\" id=\"form-field-field_1f30ff3-5\" name=\"form_fields[field_1f30ff3][]\"> <label for=\"form-field-field_1f30ff3-5\">Sonstiges<\/label><\/span><\/div>\t\t\t\t<\/div>\n\t\t\t\t\t\t\t\t<div class=\"elementor-field-type-checkbox elementor-field-group elementor-column elementor-field-group-field_a8bd0db elementor-col-100\">\n\t\t\t\t\t\t\t\t\t\t\t\t<label for=\"form-field-field_a8bd0db\" class=\"elementor-field-label\">\n\t\t\t\t\t\t\t\tWo\/wie soll der Termin stattfinden?\t\t\t\t\t\t\t<\/label>\n\t\t\t\t\t\t<div class=\"elementor-field-subgroup  \"><span class=\"elementor-field-option\"><input type=\"checkbox\" value=\"Beratung bei uns\" id=\"form-field-field_a8bd0db-0\" name=\"form_fields[field_a8bd0db][]\"> <label for=\"form-field-field_a8bd0db-0\">Beratung bei uns<\/label><\/span><span class=\"elementor-field-option\"><input type=\"checkbox\" value=\"Beratung vorort\" id=\"form-field-field_a8bd0db-1\" name=\"form_fields[field_a8bd0db][]\"> <label for=\"form-field-field_a8bd0db-1\">Beratung vorort<\/label><\/span><span class=\"elementor-field-option\"><input type=\"checkbox\" value=\"Aufma\u00df vorort\" id=\"form-field-field_a8bd0db-2\" name=\"form_fields[field_a8bd0db][]\"> <label for=\"form-field-field_a8bd0db-2\">Aufma\u00df vorort<\/label><\/span><span class=\"elementor-field-option\"><input type=\"checkbox\" value=\"Beratung in einer Badausstellung\" id=\"form-field-field_a8bd0db-3\" name=\"form_fields[field_a8bd0db][]\"> <label for=\"form-field-field_a8bd0db-3\">Beratung in einer Badausstellung<\/label><\/span><span class=\"elementor-field-option\"><input type=\"checkbox\" value=\"Beratung per Telefon\" id=\"form-field-field_a8bd0db-4\" name=\"form_fields[field_a8bd0db][]\"> <label for=\"form-field-field_a8bd0db-4\">Beratung per Telefon<\/label><\/span><\/div>\t\t\t\t<\/div>\n\t\t\t\t\t\t\t\t<div class=\"elementor-field-type-date elementor-field-group elementor-column elementor-field-group-field_58316ea elementor-col-100\">\n\t\t\t\t\t\t\t\t\t\t\t\t<label for=\"form-field-field_58316ea\" class=\"elementor-field-label\">\n\t\t\t\t\t\t\t\tWunschdatum\t\t\t\t\t\t\t<\/label>\n\t\t\t\t\t\t\n\t\t<input type=\"date\" name=\"form_fields[field_58316ea]\" id=\"form-field-field_58316ea\" class=\"elementor-field elementor-size-sm  elementor-field-textual elementor-date-field\" placeholder=\"Bitte w\u00e4hlen\" pattern=\"[0-9]{4}-[0-9]{2}-[0-9]{2}\">\n\t\t\t\t\t\t<\/div>\n\t\t\t\t\t\t\t\t<div class=\"elementor-field-type-time elementor-field-group elementor-column elementor-field-group-field_e5d60cd elementor-col-100\">\n\t\t\t\t\t\t\t\t\t\t\t\t<label for=\"form-field-field_e5d60cd\" class=\"elementor-field-label\">\n\t\t\t\t\t\t\t\tUhrzeit\t\t\t\t\t\t\t<\/label>\n\t\t\t\t\t\t\t\t<input type=\"time\" name=\"form_fields[field_e5d60cd]\" id=\"form-field-field_e5d60cd\" class=\"elementor-field elementor-size-sm  elementor-field-textual elementor-time-field\" placeholder=\"Bitte w\u00e4hlen\">\n\t\t\t\t\t\t<\/div>\n\t\t\t\t\t\t\t\t<div class=\"elementor-field-type-checkbox elementor-field-group elementor-column elementor-field-group-field_6bcc766 elementor-col-100\">\n\t\t\t\t\t\t\t\t\t\t\t\t<label for=\"form-field-field_6bcc766\" class=\"elementor-field-label\">\n\t\t\t\t\t\t\t\tAnrede\t\t\t\t\t\t\t<\/label>\n\t\t\t\t\t\t<div class=\"elementor-field-subgroup  elementor-subgroup-inline\"><span class=\"elementor-field-option\"><input type=\"checkbox\" value=\"Herr\" id=\"form-field-field_6bcc766-0\" name=\"form_fields[field_6bcc766][]\"> <label for=\"form-field-field_6bcc766-0\">Herr<\/label><\/span><span class=\"elementor-field-option\"><input type=\"checkbox\" value=\"Frau\" id=\"form-field-field_6bcc766-1\" name=\"form_fields[field_6bcc766][]\"> <label for=\"form-field-field_6bcc766-1\">Frau<\/label><\/span><span class=\"elementor-field-option\"><input type=\"checkbox\" value=\"Divers\" id=\"form-field-field_6bcc766-2\" name=\"form_fields[field_6bcc766][]\"> <label for=\"form-field-field_6bcc766-2\">Divers<\/label><\/span><span class=\"elementor-field-option\"><input type=\"checkbox\" value=\"Firma\" id=\"form-field-field_6bcc766-3\" name=\"form_fields[field_6bcc766][]\"> <label for=\"form-field-field_6bcc766-3\">Firma<\/label><\/span><\/div>\t\t\t\t<\/div>\n\t\t\t\t\t\t\t\t<div class=\"elementor-field-type-text elementor-field-group elementor-column elementor-field-group-name elementor-col-100 elementor-field-required elementor-mark-required\">\n\t\t\t\t\t\t\t\t\t\t\t\t<label for=\"form-field-name\" class=\"elementor-field-label\">\n\t\t\t\t\t\t\t\tName\/Firma\t\t\t\t\t\t\t<\/label>\n\t\t\t\t\t\t\t\t\t\t\t\t\t\t<input size=\"1\" type=\"text\" name=\"form_fields[name]\" id=\"form-field-name\" class=\"elementor-field elementor-size-sm  elementor-field-textual\" placeholder=\"Name bzw. Firma bitte eingeben\" required=\"required\">\n\t\t\t\t\t\t\t\t\t\t\t<\/div>\n\t\t\t\t\t\t\t\t<div class=\"elementor-field-type-text elementor-field-group elementor-column elementor-field-group-field_cf11128 elementor-col-100 elementor-field-required elementor-mark-required\">\n\t\t\t\t\t\t\t\t\t\t\t\t<label for=\"form-field-field_cf11128\" class=\"elementor-field-label\">\n\t\t\t\t\t\t\t\tStrasse\t\t\t\t\t\t\t<\/label>\n\t\t\t\t\t\t\t\t\t\t\t\t\t\t<input size=\"1\" type=\"text\" name=\"form_fields[field_cf11128]\" id=\"form-field-field_cf11128\" class=\"elementor-field elementor-size-sm  elementor-field-textual\" placeholder=\"Strasse bitte eingeben\" required=\"required\">\n\t\t\t\t\t\t\t\t\t\t\t<\/div>\n\t\t\t\t\t\t\t\t<div class=\"elementor-field-type-text elementor-field-group elementor-column elementor-field-group-field_127e355 elementor-col-100 elementor-field-required elementor-mark-required\">\n\t\t\t\t\t\t\t\t\t\t\t\t<label for=\"form-field-field_127e355\" class=\"elementor-field-label\">\n\t\t\t\t\t\t\t\tPLZ\/Ort\t\t\t\t\t\t\t<\/label>\n\t\t\t\t\t\t\t\t\t\t\t\t\t\t<input size=\"1\" type=\"text\" name=\"form_fields[field_127e355]\" id=\"form-field-field_127e355\" class=\"elementor-field elementor-size-sm  elementor-field-textual\" placeholder=\"PLZ\/Ort bitte eingeben\" required=\"required\">\n\t\t\t\t\t\t\t\t\t\t\t<\/div>\n\t\t\t\t\t\t\t\t<div class=\"elementor-field-type-text elementor-field-group elementor-column elementor-field-group-field_8b572a1 elementor-col-100\">\n\t\t\t\t\t\t\t\t\t\t\t\t<label for=\"form-field-field_8b572a1\" class=\"elementor-field-label\">\n\t\t\t\t\t\t\t\tTelefon\t\t\t\t\t\t\t<\/label>\n\t\t\t\t\t\t\t\t\t\t\t\t\t\t<input size=\"1\" type=\"text\" name=\"form_fields[field_8b572a1]\" id=\"form-field-field_8b572a1\" class=\"elementor-field elementor-size-sm  elementor-field-textual\">\n\t\t\t\t\t\t\t\t\t\t\t<\/div>\n\t\t\t\t\t\t\t\t<div class=\"elementor-field-type-email elementor-field-group elementor-column elementor-field-group-email elementor-col-100 elementor-field-required elementor-mark-required\">\n\t\t\t\t\t\t\t\t\t\t\t\t<label for=\"form-field-email\" class=\"elementor-field-label\">\n\t\t\t\t\t\t\t\tE-Mail\t\t\t\t\t\t\t<\/label>\n\t\t\t\t\t\t\t\t\t\t\t\t\t\t<input size=\"1\" type=\"email\" name=\"form_fields[email]\" id=\"form-field-email\" class=\"elementor-field elementor-size-sm  elementor-field-textual\" placeholder=\"E-Mail\" required=\"required\">\n\t\t\t\t\t\t\t\t\t\t\t<\/div>\n\t\t\t\t\t\t\t\t<div class=\"elementor-field-type-textarea elementor-field-group elementor-column elementor-field-group-message elementor-col-100\">\n\t\t\t\t\t\t\t\t\t\t\t\t<label for=\"form-field-message\" class=\"elementor-field-label\">\n\t\t\t\t\t\t\t\tNachricht\t\t\t\t\t\t\t<\/label>\n\t\t\t\t\t\t<textarea class=\"elementor-field-textual elementor-field  elementor-size-sm\" name=\"form_fields[message]\" id=\"form-field-message\" rows=\"4\" placeholder=\"Nachricht\"><\/textarea>\t\t\t\t<\/div>\n\t\t\t\t\t\t\t\t<div class=\"elementor-field-group elementor-column elementor-field-type-submit elementor-col-100 e-form__buttons\">\n\t\t\t\t\t<button class=\"elementor-button elementor-size-sm\" type=\"submit\">\n\t\t\t\t\t\t<span class=\"elementor-button-content-wrapper\">\n\t\t\t\t\t\t\t\t\t\t\t\t\t\t\t\t\t\t\t\t\t\t<span class=\"elementor-button-text\">Senden<\/span>\n\t\t\t\t\t\t\t\t\t\t\t\t\t<\/span>\n\t\t\t\t\t<\/button>\n\t\t\t\t<\/div>\n\t\t\t<\/div>\n\t\t<\/form>\n\t\t\t\t\t\t<\/div>\n\t\t\t\t<\/div>\n\t\t\t\t\t<\/div>\n\t\t\t\t<\/div>\n\t\t\t\t<\/div>\n\t\t","protected":false},"excerpt":{"rendered":"<p>Terminanfrage Sie haben noch Fragen. In einem pers\u00f6nlichen Gespr\u00e4ch k\u00f6nnen wir L\u00f6sungen f\u00fcr Ihre W\u00fcnsche und Anliegen finden. F\u00fcllen Sie das u.a. Formular vollst\u00e4ndig aus mit einem Terminvorschl\u00e4gen (Datum und Uhrzeit) Ihrereseits und wir setzen uns dann schriftlich oder telefonisch mit Ihnen in verbindung um den Termin zu best\u00e4tigen oder Alternativvorschl\u00e4ge unsererseits zu unterbreiten.<\/p>\n","protected":false},"author":1,"featured_media":0,"parent":0,"menu_order":0,"comment_status":"closed","ping_status":"closed","template":"elementor_header_footer","meta":{"footnotes":""},"class_list":["post-874","page","type-page","status-publish","hentry"],"_links":{"self":[{"href":"https:\/\/gsg-haustechnik.de\/wp\/index.php?rest_route=\/wp\/v2\/pages\/874","targetHints":{"allow":["GET"]}}],"collection":[{"href":"https:\/\/gsg-haustechnik.de\/wp\/index.php?rest_route=\/wp\/v2\/pages"}],"about":[{"href":"https:\/\/gsg-haustechnik.de\/wp\/index.php?rest_route=\/wp\/v2\/types\/page"}],"author":[{"embeddable":true,"href":"https:\/\/gsg-haustechnik.de\/wp\/index.php?rest_route=\/wp\/v2\/users\/1"}],"replies":[{"embeddable":true,"href":"https:\/\/gsg-haustechnik.de\/wp\/index.php?rest_route=%2Fwp%2Fv2%2Fcomments&post=874"}],"version-history":[{"count":20,"href":"https:\/\/gsg-haustechnik.de\/wp\/index.php?rest_route=\/wp\/v2\/pages\/874\/revisions"}],"predecessor-version":[{"id":1595,"href":"https:\/\/gsg-haustechnik.de\/wp\/index.php?rest_route=\/wp\/v2\/pages\/874\/revisions\/1595"}],"wp:attachment":[{"href":"https:\/\/gsg-haustechnik.de\/wp\/index.php?rest_route=%2Fwp%2Fv2%2Fmedia&parent=874"}],"curies":[{"name":"wp","href":"https:\/\/api.w.org\/{rel}","templated":true}]}}